{"id":14317,"date":"2025-03-11T20:37:59","date_gmt":"2025-03-11T19:37:59","guid":{"rendered":"https:\/\/www.urbaser.com\/?page_id=14317"},"modified":"2025-03-11T20:38:00","modified_gmt":"2025-03-11T19:38:00","slug":"politica-de-cookies","status":"publish","type":"page","link":"https:\/\/www.urbaser.com\/pt\/politica-de-cookies\/","title":{"rendered":"Pol\u00edtica de cookies"},"content":{"rendered":"\n<p><strong>Pol\u00edtica de Cookies<\/strong><\/p>\n\n\n\n<ol start=\"1\" class=\"wp-block-list\">\n<li><strong>Uso de cookies<\/strong> URBASER, (doravante, \u201cA ENTIDADE\u201d) informa que este site (doravante, o \u201cSITE\u201d), utiliza cookies com o objetivo de garantir o acesso a determinadas funcionalidades e, adicionalmente, para personalizar e facilitar o acesso \u00e0 informa\u00e7\u00e3o. O usu\u00e1rio poder\u00e1 configurar seu navegador para que notifique e rejeite a instala\u00e7\u00e3o de cookies, embora isso possa resultar na impossibilidade de acessar diferentes conte\u00fados ou servi\u00e7os. Os usu\u00e1rios registrados, e que tenham iniciado sess\u00e3o, poder\u00e3o acessar informa\u00e7\u00f5es gra\u00e7as aos dados armazenados nas cookies. Esses usu\u00e1rios autorizam expressamente o uso dessas informa\u00e7\u00f5es para a finalidade indicada, sem preju\u00edzo de seu direito de rejeitar ou desativar seu uso. Al\u00e9m disso, informamos que voc\u00ea pode consultar informa\u00e7\u00f5es adicionais sobre o tratamento de seus dados pessoais em nossa <a href=\"https:\/\/www.urbaser.com\/pt\/politica-de-privacidade\/\">Pol\u00edtica de Privacidade<\/a>.<\/li>\n\n\n\n<li><strong>Cookies: tipos e funcionamento<\/strong> Um cookie \u00e9 um arquivo que \u00e9 baixado no dispositivo do usu\u00e1rio quando se acessa a p\u00e1gina web, com a finalidade de armazenar e recuperar informa\u00e7\u00f5es sobre a navega\u00e7\u00e3o realizada no dispositivo. A ENTIDADE informa que faz uso de cookies pr\u00f3prias e de terceiros. Tipos de cookies:<\/li>\n<\/ol>\n\n\n\n<ul class=\"wp-block-list\">\n<li>Segundo a entidade que as gerencia:\n<ul class=\"wp-block-list\">\n<li>Cookies pr\u00f3prias: s\u00e3o aquelas que s\u00e3o enviadas ao equipamento terminal do usu\u00e1rio a partir de um equipamento ou dom\u00ednio gerenciado pelo pr\u00f3prio editor e a partir do qual se presta o servi\u00e7o solicitado pelo usu\u00e1rio.<\/li>\n\n\n\n<li>Cookies de terceiros: s\u00e3o aquelas que s\u00e3o enviadas ao equipamento terminal do Usu\u00e1rio a partir de um equipamento ou dom\u00ednio que n\u00e3o \u00e9 gerenciado pelo editor, mas por outra entidade que trata os dados obtidos atrav\u00e9s das cookies.<\/li>\n<\/ul>\n<\/li>\n\n\n\n<li>Segundo o tempo que a cookie permanece ativa no equipamento:\n<ul class=\"wp-block-list\">\n<li>Cookies de sess\u00e3o: s\u00e3o cookies tempor\u00e1rias que permanecem no arquivo de cookies do seu navegador at\u00e9 que voc\u00ea saia da p\u00e1gina web, portanto, nenhuma fica registrada no disco r\u00edgido do usu\u00e1rio. As informa\u00e7\u00f5es obtidas por meio dessas cookies servem para analisar os padr\u00f5es de tr\u00e1fego da web. A longo prazo, isso nos permite proporcionar uma melhor experi\u00eancia para melhorar o conte\u00fado e facilitar seu uso.<\/li>\n\n\n\n<li>Cookies permanentes: s\u00e3o armazenadas no disco r\u00edgido e nosso site as l\u00ea cada vez que o usu\u00e1rio realiza uma nova visita. Uma cookie permanente pode ser acessada e tratada durante um per\u00edodo definido pelo respons\u00e1vel pela cookie, ap\u00f3s essa data deixar\u00e1 de funcionar.<\/li>\n<\/ul>\n<\/li>\n\n\n\n<li>Segundo sua finalidade:\n<ul class=\"wp-block-list\">\n<li>Cookies t\u00e9cnicas: Permitem ao usu\u00e1rio a navega\u00e7\u00e3o atrav\u00e9s de uma p\u00e1gina web, plataforma ou aplica\u00e7\u00e3o e a utiliza\u00e7\u00e3o das diferentes op\u00e7\u00f5es ou servi\u00e7os que nela existam.<\/li>\n\n\n\n<li>Cookies de personaliza\u00e7\u00e3o: Permitem ao usu\u00e1rio acessar o servi\u00e7o com algumas caracter\u00edsticas de car\u00e1ter geral predefinidas em fun\u00e7\u00e3o de uma s\u00e9rie de crit\u00e9rios no terminal do usu\u00e1rio como, por exemplo, o idioma, o tipo de navegador atrav\u00e9s do qual acessa o servi\u00e7o, a configura\u00e7\u00e3o regional de onde acessa o servi\u00e7o, etc.<\/li>\n\n\n\n<li>Cookies de an\u00e1lise: Permitem ao respons\u00e1vel pelas mesmas o acompanhamento e an\u00e1lise do comportamento dos usu\u00e1rios dos sites aos quais est\u00e3o vinculadas. As informa\u00e7\u00f5es coletadas por meio desse tipo de cookies s\u00e3o utilizadas na medi\u00e7\u00e3o da atividade dos sites, aplica\u00e7\u00e3o ou plataforma e para a elabora\u00e7\u00e3o de perfis de navega\u00e7\u00e3o dos usu\u00e1rios desses sites, aplica\u00e7\u00f5es e plataformas, com o objetivo de introduzir melhorias em fun\u00e7\u00e3o da an\u00e1lise dos dados de uso que fazem os usu\u00e1rios do servi\u00e7o.<\/li>\n\n\n\n<li>Cookies publicit\u00e1rias: Permitem a gest\u00e3o, da forma mais eficaz poss\u00edvel, dos espa\u00e7os publicit\u00e1rios que, se for o caso, o editor tenha inclu\u00eddo em uma p\u00e1gina web, aplica\u00e7\u00e3o ou plataforma a partir da qual presta o servi\u00e7o solicitado com base em crit\u00e9rios como o conte\u00fado editado ou a frequ\u00eancia com que os an\u00fancios s\u00e3o exibidos.<\/li>\n\n\n\n<li>Cookies de publicidade comportamental: Essas cookies armazenam informa\u00e7\u00f5es do comportamento dos usu\u00e1rios obtidas atrav\u00e9s da observa\u00e7\u00e3o cont\u00ednua de seus h\u00e1bitos de navega\u00e7\u00e3o, o que permite desenvolver um perfil espec\u00edfico para mostrar publicidade em fun\u00e7\u00e3o do mesmo.<\/li>\n<\/ul>\n<\/li>\n<\/ul>\n\n\n\n<ol start=\"3\" class=\"wp-block-list\">\n<li><strong>Gest\u00e3o e uso das cookies do Site<\/strong><\/li>\n<\/ol>\n\n\n\n<p>O presente SITE oferece aos seus usu\u00e1rios um console de configura\u00e7\u00e3o de cookies atrav\u00e9s do qual o usu\u00e1rio pode gerenciar suas prefer\u00eancias em rela\u00e7\u00e3o \u00e0 instala\u00e7\u00e3o ou n\u00e3o de cookies em seu equipamento, bem como obter informa\u00e7\u00f5es detalhadas sobre os tipos de cookies que utiliza o presente SITE e as caracter\u00edsticas de cada uma das cookies utilizadas. O console de configura\u00e7\u00e3o de cookies \u00e9 mostrado ao usu\u00e1rio em sua primeira visita ao SITE e, al\u00e9m disso, \u00e9 poss\u00edvel acessar o mesmo a partir daqui: <a>Pol\u00edtica de Cookies<\/a>.<\/p>\n\n\n\n<ol start=\"4\" class=\"wp-block-list\">\n<li><strong>Prazo de conserva\u00e7\u00e3o dos dados<\/strong><\/li>\n<\/ol>\n\n\n\n<p>No caso de que mediante o uso de cookies recolhamos dados considerados, de acordo com a normativa vigente, como dados pessoais, trataremos e conservaremos os mesmos durante o tempo necess\u00e1rio para alcan\u00e7ar a finalidade perseguida com seu uso, em fun\u00e7\u00e3o de cada caso. Uma vez alcan\u00e7ados esses prop\u00f3sitos, poder\u00e3o ser conservados devidamente bloqueados no caso de serem necess\u00e1rios para o exerc\u00edcio, formula\u00e7\u00e3o ou defesa de a\u00e7\u00f5es e reclama\u00e7\u00f5es em rela\u00e7\u00e3o ao seu uso. Conclu\u00eddos esses prazos, a informa\u00e7\u00e3o ser\u00e1 eliminada.<\/p>\n\n\n\n<ol start=\"5\" class=\"wp-block-list\">\n<li><strong>Como desativar as cookies<\/strong><\/li>\n<\/ol>\n\n\n\n<p>Normalmente \u00e9 poss\u00edvel deixar de aceitar as cookies do navegador, ou deixar de aceitar as cookies de um servi\u00e7o em particular. Todos os navegadores modernos permitem mudar a configura\u00e7\u00e3o de cookies. Esses ajustes normalmente se encontram nas \u2018op\u00e7\u00f5es\u2019 ou \u2018prefer\u00eancias\u2019 do menu do seu navegador. Como desativar as cookies nos navegadores principais:<\/p>\n\n\n\n<ul class=\"wp-block-list\">\n<li>Internet Explorer: Ferramentas -> Op\u00e7\u00f5es de Internet -> Privacidade -> Configura\u00e7\u00e3o. Para mais informa\u00e7\u00f5es, voc\u00ea pode consultar o suporte da Microsoft ou a Ajuda do navegador.<\/li>\n\n\n\n<li>Firefox: Ferramentas -> Op\u00e7\u00f5es -> Privacidade -> Hist\u00f3rico -> Configura\u00e7\u00e3o Personalizada. Para mais informa\u00e7\u00f5es, voc\u00ea pode consultar o suporte da Mozilla ou a Ajuda do navegador.<\/li>\n\n\n\n<li>Chrome: Configura\u00e7\u00e3o -> Mostrar op\u00e7\u00f5es avan\u00e7adas -> Privacidade -> Configura\u00e7\u00e3o de conte\u00fado. Para mais informa\u00e7\u00f5es, voc\u00ea pode consultar o suporte do Google ou a Ajuda do navegador.<\/li>\n\n\n\n<li>Safari: Prefer\u00eancias -> Seguran\u00e7a. Para mais informa\u00e7\u00f5es, voc\u00ea pode consultar o suporte da Apple ou a Ajuda do navegador. Se as cookies forem desativadas, algumas funcionalidades ficar\u00e3o desativadas como, por exemplo, permanecer identificado ou acessar a informa\u00e7\u00e3o.<\/li>\n<\/ul>\n\n\n\n<p>Data da \u00faltima <a>modifica\u00e7\u00e3o<\/a>: 03\/03\/2025<\/p>\n","protected":false},"excerpt":{"rendered":"<p>Pol\u00edtica de Cookies O presente SITE oferece aos seus usu\u00e1rios um console de configura\u00e7\u00e3o de cookies atrav\u00e9s do qual o usu\u00e1rio pode gerenciar suas prefer\u00eancias em rela\u00e7\u00e3o \u00e0 instala\u00e7\u00e3o ou n\u00e3o de cookies em seu equipamento, bem como obter informa\u00e7\u00f5es detalhadas sobre os tipos de cookies que utiliza o presente SITE e as caracter\u00edsticas de [&hellip;]<\/p>\n","protected":false},"author":1,"featured_media":0,"parent":0,"menu_order":0,"comment_status":"closed","ping_status":"closed","template":"","meta":{"_acf_changed":false,"footnotes":""},"class_list":["post-14317","page","type-page","status-publish","hentry"],"acf":[],"yoast_head":"<!-- This site is optimized with the Yoast SEO plugin v27.3 - https:\/\/yoast.com\/product\/yoast-seo-wordpress\/ -->\n<title>Pol\u00edtica de cookies &#8211; Urbaser<\/title>\n<meta name=\"robots\" content=\"index, follow, max-snippet:-1, max-image-preview:large, max-video-preview:-1\" \/>\n<link rel=\"canonical\" href=\"https:\/\/www.urbaser.com\/pt\/politica-de-cookies\/\" \/>\n<meta property=\"og:locale\" content=\"pt_PT\" \/>\n<meta property=\"og:type\" content=\"article\" \/>\n<meta property=\"og:title\" content=\"Pol\u00edtica de cookies &#8211; Urbaser\" \/>\n<meta property=\"og:description\" content=\"Pol\u00edtica de Cookies O presente SITE oferece aos seus usu\u00e1rios um console de configura\u00e7\u00e3o de cookies atrav\u00e9s do qual o usu\u00e1rio pode gerenciar suas prefer\u00eancias em rela\u00e7\u00e3o \u00e0 instala\u00e7\u00e3o ou n\u00e3o de cookies em seu equipamento, bem como obter informa\u00e7\u00f5es detalhadas sobre os tipos de cookies que utiliza o presente SITE e as caracter\u00edsticas de [&hellip;]\" \/>\n<meta property=\"og:url\" content=\"https:\/\/www.urbaser.com\/pt\/politica-de-cookies\/\" \/>\n<meta property=\"og:site_name\" content=\"Urbaser\" \/>\n<meta property=\"article:publisher\" content=\"https:\/\/www.facebook.com\/urbaser\" \/>\n<meta property=\"article:modified_time\" content=\"2025-03-11T19:38:00+00:00\" \/>\n<meta property=\"og:image\" content=\"https:\/\/www.urbaser.com\/wp-content\/uploads\/2023\/04\/Urbaser.jpg\" \/>\n\t<meta property=\"og:image:width\" content=\"1200\" \/>\n\t<meta property=\"og:image:height\" content=\"675\" \/>\n\t<meta property=\"og:image:type\" content=\"image\/jpeg\" \/>\n<meta name=\"twitter:card\" content=\"summary_large_image\" \/>\n<meta name=\"twitter:site\" content=\"@urbaser_\" \/>\n<meta name=\"twitter:label1\" content=\"Tempo estimado de leitura\" \/>\n\t<meta name=\"twitter:data1\" content=\"5 minutos\" \/>\n<script type=\"application\/ld+json\" class=\"yoast-schema-graph\">{\"@context\":\"https:\\\/\\\/schema.org\",\"@graph\":[{\"@type\":\"WebPage\",\"@id\":\"https:\\\/\\\/www.urbaser.com\\\/pt\\\/politica-de-cookies\\\/\",\"url\":\"https:\\\/\\\/www.urbaser.com\\\/pt\\\/politica-de-cookies\\\/\",\"name\":\"Pol\u00edtica de cookies &#8211; Urbaser\",\"isPartOf\":{\"@id\":\"https:\\\/\\\/www.urbaser.com\\\/pt\\\/#website\"},\"datePublished\":\"2025-03-11T19:37:59+00:00\",\"dateModified\":\"2025-03-11T19:38:00+00:00\",\"breadcrumb\":{\"@id\":\"https:\\\/\\\/www.urbaser.com\\\/pt\\\/politica-de-cookies\\\/#breadcrumb\"},\"inLanguage\":\"pt-PT\",\"potentialAction\":[{\"@type\":\"ReadAction\",\"target\":[\"https:\\\/\\\/www.urbaser.com\\\/pt\\\/politica-de-cookies\\\/\"]}]},{\"@type\":\"BreadcrumbList\",\"@id\":\"https:\\\/\\\/www.urbaser.com\\\/pt\\\/politica-de-cookies\\\/#breadcrumb\",\"itemListElement\":[{\"@type\":\"ListItem\",\"position\":1,\"name\":\"Portada\",\"item\":\"https:\\\/\\\/www.urbaser.com\\\/pt\\\/\"},{\"@type\":\"ListItem\",\"position\":2,\"name\":\"Pol\u00edtica de cookies\"}]},{\"@type\":\"WebSite\",\"@id\":\"https:\\\/\\\/www.urbaser.com\\\/pt\\\/#website\",\"url\":\"https:\\\/\\\/www.urbaser.com\\\/pt\\\/\",\"name\":\"Urbaser\",\"description\":\"Making circularity real\",\"publisher\":{\"@id\":\"https:\\\/\\\/www.urbaser.com\\\/pt\\\/#organization\"},\"alternateName\":\"Urbaser\",\"potentialAction\":[{\"@type\":\"SearchAction\",\"target\":{\"@type\":\"EntryPoint\",\"urlTemplate\":\"https:\\\/\\\/www.urbaser.com\\\/pt\\\/?s={search_term_string}\"},\"query-input\":{\"@type\":\"PropertyValueSpecification\",\"valueRequired\":true,\"valueName\":\"search_term_string\"}}],\"inLanguage\":\"pt-PT\"},{\"@type\":\"Organization\",\"@id\":\"https:\\\/\\\/www.urbaser.com\\\/pt\\\/#organization\",\"name\":\"Urbaser - Making Circularity Real\",\"alternateName\":\"Urbaser\",\"url\":\"https:\\\/\\\/www.urbaser.com\\\/pt\\\/\",\"logo\":{\"@type\":\"ImageObject\",\"inLanguage\":\"pt-PT\",\"@id\":\"https:\\\/\\\/www.urbaser.com\\\/pt\\\/#\\\/schema\\\/logo\\\/image\\\/\",\"url\":\"https:\\\/\\\/www.urbaser.com\\\/wp-content\\\/uploads\\\/2023\\\/04\\\/urbaser-logo-making-circularity-real-1.png\",\"contentUrl\":\"https:\\\/\\\/www.urbaser.com\\\/wp-content\\\/uploads\\\/2023\\\/04\\\/urbaser-logo-making-circularity-real-1.png\",\"width\":600,\"height\":316,\"caption\":\"Urbaser - Making Circularity Real\"},\"image\":{\"@id\":\"https:\\\/\\\/www.urbaser.com\\\/pt\\\/#\\\/schema\\\/logo\\\/image\\\/\"},\"sameAs\":[\"https:\\\/\\\/www.facebook.com\\\/urbaser\",\"https:\\\/\\\/x.com\\\/urbaser_\",\"https:\\\/\\\/www.linkedin.com\\\/company\\\/urbaser\\\/\",\"https:\\\/\\\/www.instagram.com\\\/urbaser\\\/\"]}]}<\/script>\n<!-- \/ Yoast SEO plugin. -->","yoast_head_json":{"title":"Pol\u00edtica de cookies &#8211; Urbaser","robots":{"index":"index","follow":"follow","max-snippet":"max-snippet:-1","max-image-preview":"max-image-preview:large","max-video-preview":"max-video-preview:-1"},"canonical":"https:\/\/www.urbaser.com\/pt\/politica-de-cookies\/","og_locale":"pt_PT","og_type":"article","og_title":"Pol\u00edtica de cookies &#8211; Urbaser","og_description":"Pol\u00edtica de Cookies O presente SITE oferece aos seus usu\u00e1rios um console de configura\u00e7\u00e3o de cookies atrav\u00e9s do qual o usu\u00e1rio pode gerenciar suas prefer\u00eancias em rela\u00e7\u00e3o \u00e0 instala\u00e7\u00e3o ou n\u00e3o de cookies em seu equipamento, bem como obter informa\u00e7\u00f5es detalhadas sobre os tipos de cookies que utiliza o presente SITE e as caracter\u00edsticas de [&hellip;]","og_url":"https:\/\/www.urbaser.com\/pt\/politica-de-cookies\/","og_site_name":"Urbaser","article_publisher":"https:\/\/www.facebook.com\/urbaser","article_modified_time":"2025-03-11T19:38:00+00:00","og_image":[{"width":1200,"height":675,"url":"https:\/\/www.urbaser.com\/wp-content\/uploads\/2023\/04\/Urbaser.jpg","type":"image\/jpeg"}],"twitter_card":"summary_large_image","twitter_site":"@urbaser_","twitter_misc":{"Tempo estimado de leitura":"5 minutos"},"schema":{"@context":"https:\/\/schema.org","@graph":[{"@type":"WebPage","@id":"https:\/\/www.urbaser.com\/pt\/politica-de-cookies\/","url":"https:\/\/www.urbaser.com\/pt\/politica-de-cookies\/","name":"Pol\u00edtica de cookies &#8211; Urbaser","isPartOf":{"@id":"https:\/\/www.urbaser.com\/pt\/#website"},"datePublished":"2025-03-11T19:37:59+00:00","dateModified":"2025-03-11T19:38:00+00:00","breadcrumb":{"@id":"https:\/\/www.urbaser.com\/pt\/politica-de-cookies\/#breadcrumb"},"inLanguage":"pt-PT","potentialAction":[{"@type":"ReadAction","target":["https:\/\/www.urbaser.com\/pt\/politica-de-cookies\/"]}]},{"@type":"BreadcrumbList","@id":"https:\/\/www.urbaser.com\/pt\/politica-de-cookies\/#breadcrumb","itemListElement":[{"@type":"ListItem","position":1,"name":"Portada","item":"https:\/\/www.urbaser.com\/pt\/"},{"@type":"ListItem","position":2,"name":"Pol\u00edtica de cookies"}]},{"@type":"WebSite","@id":"https:\/\/www.urbaser.com\/pt\/#website","url":"https:\/\/www.urbaser.com\/pt\/","name":"Urbaser","description":"Making circularity real","publisher":{"@id":"https:\/\/www.urbaser.com\/pt\/#organization"},"alternateName":"Urbaser","potentialAction":[{"@type":"SearchAction","target":{"@type":"EntryPoint","urlTemplate":"https:\/\/www.urbaser.com\/pt\/?s={search_term_string}"},"query-input":{"@type":"PropertyValueSpecification","valueRequired":true,"valueName":"search_term_string"}}],"inLanguage":"pt-PT"},{"@type":"Organization","@id":"https:\/\/www.urbaser.com\/pt\/#organization","name":"Urbaser - Making Circularity Real","alternateName":"Urbaser","url":"https:\/\/www.urbaser.com\/pt\/","logo":{"@type":"ImageObject","inLanguage":"pt-PT","@id":"https:\/\/www.urbaser.com\/pt\/#\/schema\/logo\/image\/","url":"https:\/\/www.urbaser.com\/wp-content\/uploads\/2023\/04\/urbaser-logo-making-circularity-real-1.png","contentUrl":"https:\/\/www.urbaser.com\/wp-content\/uploads\/2023\/04\/urbaser-logo-making-circularity-real-1.png","width":600,"height":316,"caption":"Urbaser - Making Circularity Real"},"image":{"@id":"https:\/\/www.urbaser.com\/pt\/#\/schema\/logo\/image\/"},"sameAs":["https:\/\/www.facebook.com\/urbaser","https:\/\/x.com\/urbaser_","https:\/\/www.linkedin.com\/company\/urbaser\/","https:\/\/www.instagram.com\/urbaser\/"]}]}},"_links":{"self":[{"href":"https:\/\/www.urbaser.com\/pt\/wp-json\/wp\/v2\/pages\/14317","targetHints":{"allow":["GET"]}}],"collection":[{"href":"https:\/\/www.urbaser.com\/pt\/wp-json\/wp\/v2\/pages"}],"about":[{"href":"https:\/\/www.urbaser.com\/pt\/wp-json\/wp\/v2\/types\/page"}],"author":[{"embeddable":true,"href":"https:\/\/www.urbaser.com\/pt\/wp-json\/wp\/v2\/users\/1"}],"replies":[{"embeddable":true,"href":"https:\/\/www.urbaser.com\/pt\/wp-json\/wp\/v2\/comments?post=14317"}],"version-history":[{"count":1,"href":"https:\/\/www.urbaser.com\/pt\/wp-json\/wp\/v2\/pages\/14317\/revisions"}],"predecessor-version":[{"id":14318,"href":"https:\/\/www.urbaser.com\/pt\/wp-json\/wp\/v2\/pages\/14317\/revisions\/14318"}],"wp:attachment":[{"href":"https:\/\/www.urbaser.com\/pt\/wp-json\/wp\/v2\/media?parent=14317"}],"curies":[{"name":"wp","href":"https:\/\/api.w.org\/{rel}","templated":true}]}}