{"id":14315,"date":"2025-03-11T20:36:01","date_gmt":"2025-03-11T19:36:01","guid":{"rendered":"https:\/\/www.urbaser.com\/?page_id=14315"},"modified":"2025-08-07T17:24:54","modified_gmt":"2025-08-07T16:24:54","slug":"politica-de-privacidade","status":"publish","type":"page","link":"https:\/\/www.urbaser.com\/pt\/politica-de-privacidade\/","title":{"rendered":"Pol\u00edtica de privacidade"},"content":{"rendered":"\n<p>A presente pol\u00edtica de privacidade \u00e9 aplic\u00e1vel ao tratamento de todos os dados pessoais que o utilizador fornecer \u00e0 URBASER, S.A.U. (doravante, \u201cURBASER\u201d) ao aceder seu site, que tratar\u00e1 os dados fornecidos pelo utilizador nos termos previstos nesta pol\u00edtica.<\/p>\n\n\n\n<p><strong>Quem \u00e9 o respons\u00e1vel pelo tratamento dos seus dados?<\/strong><\/p>\n\n\n\n<p>URBASER, S.A.U. com CIF n\u00ba A-79524054, e sede social na Calle Agust\u00edn de Fox\u00e1, 4, 28036 Madrid (Espanha), na qualidade de Respons\u00e1vel pelo tratamento, tratar\u00e1 os dados fornecidos pelo utilizador de acordo com o Regulamento Geral de Prote\u00e7\u00e3o de Dados (RGPD) e demais legisla\u00e7\u00e3o vigente aplic\u00e1vel. Em caso de d\u00favida sobre o tratamento dos seus dados pessoais, o utilizador poder\u00e1 contactar a \u00c1rea de Prote\u00e7\u00e3o de Dados da URBASER atrav\u00e9s do e-mail pdp@urbaser.com.<\/p>\n\n\n\n<p><strong>Quais dados pessoais recolhemos atrav\u00e9s do site?<\/strong><\/p>\n\n\n\n<ul class=\"wp-block-list\">\n<li><strong>Dados recolhidos diretamente<\/strong>: atrav\u00e9s do preenchimento de formul\u00e1rios e question\u00e1rios localizados nas diferentes se\u00e7\u00f5es do site com o objetivo de enviar suas solicita\u00e7\u00f5es de informa\u00e7\u00e3o, pedidos, registrar seu cadastro, processar seu curr\u00edculo, etc.<\/li>\n\n\n\n<li><strong>Dados recolhidos indiretamente atrav\u00e9s do uso de cookies<\/strong>: para estat\u00edsticas, para analisar o uso do nosso site e fornecer servi\u00e7os de valor agregado, como o mapa de localiza\u00e7\u00e3o de nossos escrit\u00f3rios. Consulte nossa <a href=\"\/pt\/politica-de-cookies\">Pol\u00edtica de Cookies<\/a>&nbsp;para obter informa\u00e7\u00f5es sobre os cookies que utilizamos.<\/li>\n<\/ul>\n\n\n\n<p><strong>Com que finalidade tratamos os seus dados pessoais?<\/strong><\/p>\n\n\n\n<ul class=\"wp-block-list\">\n<li><strong>Contacto<\/strong>\n<ul class=\"wp-block-list\">\n<li><strong>Finalidade<\/strong>: atender e gerir as solicita\u00e7\u00f5es, reclama\u00e7\u00f5es e\/ou sugest\u00f5es recebidas atrav\u00e9s dos diferentes e-mails e meios de contacto que aparecem no site da URBASER.<\/li>\n\n\n\n<li><strong>Dados tratados para esta finalidade<\/strong>: dados de contacto (e-mail); outras categorias de dados que possam ser fornecidas pelos utilizadores ao se comunicar com a URBASER.<\/li>\n\n\n\n<li><strong>Base de legitimidade<\/strong>: consentimento do utilizador.<\/li>\n<\/ul>\n<\/li>\n\n\n\n<li><strong>Canal \u00e9tico<\/strong>\n<ul class=\"wp-block-list\">\n<li><strong>Finalidade<\/strong>: identificar infra\u00e7\u00f5es, irregularidades ou descumprimentos cometidos na entidade ou em qualquer uma de suas subsidi\u00e1rias e, se for o caso, iniciar o respectivo processo de investiga\u00e7\u00e3o.<\/li>\n\n\n\n<li><strong>Dados tratados para esta finalidade<\/strong>: dados identificativos e de contacto (nome e apelido, cidade, pa\u00eds, endere\u00e7o, e-mail, telefone), e outras categorias de dados que possam ser fornecidas pelos utilizadores ao se comunicar com a URBASER.<\/li>\n\n\n\n<li><strong>Base de legitimidade<\/strong>: o interesse leg\u00edtimo da entidade na preven\u00e7\u00e3o de crimes no \u00e2mbito europeu, em conformidade com a Diretiva (UE) 2019\/1937 do Parlamento Europeu e do Conselho, de 23 de outubro de 2019, relativa \u00e0 prote\u00e7\u00e3o das pessoas que informam sobre infra\u00e7\u00f5es do Direito da Uni\u00e3o, e na Calif\u00f3rnia, em conformidade com o California Whistleblower Protection Act.<\/li>\n<\/ul>\n<\/li>\n\n\n\n<li><strong>Trabalhar connosco<\/strong><\/li>\n\n\n\n<li><strong>Descri\u00e7\u00e3o da finalidade:<\/strong> Os dados pessoais dos utilizadores que desejem participar nos nossos processos de recrutamento ser\u00e3o tratados com a finalidade de gerir a rece\u00e7\u00e3o dos curr\u00edculos enviados \u00e0 EMPRESA, bem como para analisar o perfil profissional do candidato e, se for caso disso, para permitir a participa\u00e7\u00e3o nos processos de recrutamento da EMPRESA e, se for caso disso, das empresas do grupo empresarial.<\/li>\n<\/ul>\n\n\n\n<ul class=\"wp-block-list\">\n<li><strong>Base de legitimidade<\/strong>: O titular dos dados d\u00e1 o seu consentimento expresso e expl\u00edcito para o tratamento dos seus dados pessoais para uma ou mais finalidades espec\u00edficas.<\/li>\n<\/ul>\n\n\n\n<ul class=\"wp-block-list\">\n<li><strong>Dados tratados para esta finalidade<\/strong>: Dados de identifica\u00e7\u00e3o e de contacto (nome, apelido, documentos de identifica\u00e7\u00e3o, endere\u00e7o postal e\/ou eletr\u00f3nico, n\u00famero de telefone, etc.). Dados relativos \u00e0s carater\u00edsticas pessoais e \u00e0 situa\u00e7\u00e3o social (por exemplo, idade, sexo, data de nascimento, n\u00famero de filhos, etc.). Dados acad\u00e9micos e profissionais (por exemplo, dados contidos no seu CV).<\/li>\n<\/ul>\n\n\n\n<p>Consulte a nossa <a href=\"\/pt\/pessoas\">Pol\u00edtica de Privacidade do Ethical Channel (Portugal)<\/a>&nbsp;para obter informa\u00e7\u00f5es adicionais sobre o tratamento dos seus dados pessoais.<\/p>\n\n\n\n<p><strong>Que dados pessoais deve fornecer em cada situa\u00e7\u00e3o?<\/strong><\/p>\n\n\n\n<p>URBASER informa aos utilizadores que, quando os dados pessoais forem recolhidos atrav\u00e9s de um formul\u00e1rio disponibilizado no nosso site, ser\u00e1 necess\u00e1rio que o utilizador forne\u00e7a, pelo menos, os dados marcados com um asterisco (*). Caso n\u00e3o forne\u00e7a esses dados, considerados necess\u00e1rios, a URBASER n\u00e3o poder\u00e1 processar sua solicita\u00e7\u00e3o.<\/p>\n\n\n\n<p><strong>Durante quanto tempo conservamos os seus dados pessoais?<\/strong><\/p>\n\n\n\n<p>Os dados fornecidos pelo utilizador atrav\u00e9s dos meios de contacto que constam no site da URBASER ser\u00e3o mantidos pelo tempo necess\u00e1rio para atender sua solicita\u00e7\u00e3o, reclama\u00e7\u00e3o e\/ou sugest\u00e3o e, caso se apliquem prazos legais, at\u00e9 a finaliza\u00e7\u00e3o destes ou a prescri\u00e7\u00e3o de a\u00e7\u00f5es legais associadas. Os dados fornecidos pelo utilizador atrav\u00e9s do canal \u00e9tico ser\u00e3o mantidos pelo tempo imprescind\u00edvel para decidir sobre a proced\u00eancia de iniciar uma investiga\u00e7\u00e3o sobre os fatos informados. Em qualquer caso, ap\u00f3s tr\u00eas meses da recep\u00e7\u00e3o da comunica\u00e7\u00e3o sem que tenham sido iniciadas a\u00e7\u00f5es de investiga\u00e7\u00e3o, proceder-se-\u00e1 \u00e0 sua elimina\u00e7\u00e3o, salvo se a finalidade da conserva\u00e7\u00e3o for deixar evid\u00eancia do funcionamento do sistema de den\u00fancias.<\/p>\n\n\n\n<p><strong>Com quem partilhamos os dados pessoais dos utilizadores?<\/strong><\/p>\n\n\n\n<p>Est\u00e3o previstas as seguintes transfer\u00eancias de dados:<\/p>\n\n\n\n<ul class=\"wp-block-list\">\n<li>Atendendo \u00e0s suas solicita\u00e7\u00f5es de informa\u00e7\u00e3o ou de servi\u00e7os, a URBASER poder\u00e1 redirecionar seus dados identificativos, os dados contidos na solicita\u00e7\u00e3o e aqueles que considerar necess\u00e1rios para a resolu\u00e7\u00e3o da mesma, a entidades que fazem parte do grupo societ\u00e1rio do qual a URBASER \u00e9 a entidade dominante (doravante, o Grupo URBASER). Alguns desses destinat\u00e1rios podem estar localizados fora do Espa\u00e7o Econ\u00f3mico Europeu. Nesse caso, realizaremos essas transfer\u00eancias apenas quando tivermos uma base legal para faz\u00ea-lo ou quando o destinat\u00e1rio (i) estiver em um pa\u00eds ou organiza\u00e7\u00e3o que ofere\u00e7a um n\u00edvel adequado de prote\u00e7\u00e3o, ou (ii) tiver assinado um acordo que garanta que cumprir\u00e1 com os requisitos estabelecidos na Uni\u00e3o Europeia (UE) para a transfer\u00eancia de dados pessoais a processadores fora da UE. Al\u00e9m disso, a URBASER possui pol\u00edticas e procedimentos corporativos de prote\u00e7\u00e3o de dados e centraliza sua atividade em um \u00fanico Encarregado de Prote\u00e7\u00e3o de Dados, que conta com o apoio de coordenadores locais, garantindo que sempre sejam cumpridos os padr\u00f5es de seguran\u00e7a e prote\u00e7\u00e3o de dados necess\u00e1rios para partilhar suas informa\u00e7\u00f5es pessoais.<\/li>\n\n\n\n<li>Respons\u00e1veis por servi\u00e7os de an\u00e1lise web: o site possui ferramentas fornecidas pela Google LLC. O uso dessas ferramentas pode implicar uma transfer\u00eancia internacional de dados para os Estados Unidos.<\/li>\n\n\n\n<li>A Administra\u00e7\u00f5es P\u00fablicas nos casos em que seja necess\u00e1rio de acordo com a legisla\u00e7\u00e3o vigente em cada momento, bem como \u00e0s autoridades judiciais e For\u00e7as e Corpos de Seguran\u00e7a do Estado quando necess\u00e1rio.<\/li>\n<\/ul>\n\n\n\n<p><strong>Quais s\u00e3o os direitos dos utilizadores?<\/strong><\/p>\n\n\n\n<p>O utilizador, bem como seu representante autorizado, pode exercer seus direitos de acesso, retifica\u00e7\u00e3o, elimina\u00e7\u00e3o, portabilidade e limita\u00e7\u00e3o ou oposi\u00e7\u00e3o dirigindo-se por escrito \u00e0 URBASER, S.A.U., com endere\u00e7o na Calle Agust\u00edn de Fox\u00e1, 4, 28036 Madrid (Espanha), ou enviando um e-mail para pdp@urbaser.com. Em ambos os casos, deve-se comprovar a identidade da pessoa que exerce seus direitos. Caso n\u00e3o seja suficiente, poder\u00e1 ser solicitada informa\u00e7\u00e3o adicional. No caso de aceder da Calif\u00f3rnia e de acordo com o Privacy Rights Act (CPRA), os utilizadores tamb\u00e9m podem exercer o direito de exclus\u00e3o volunt\u00e1ria e o direito \u00e0 n\u00e3o discrimina\u00e7\u00e3o atrav\u00e9s dos meios descritos anteriormente.<\/p>\n\n\n\n<p>Os interessados t\u00eam direito a retirar o consentimento dado e a reclamar perante a Autoridade de Prote\u00e7\u00e3o de Dados competente em cada caso:<\/p>\n\n\n\n<ul class=\"wp-block-list\">\n<li>No caso de aceder da Portugal (<a href=\"https:\/\/www.cnpd.pt\/\">Comiss\u00e3o Nacional de Prote\u00e7\u00e3o de Dados<\/a>).<\/li>\n\n\n\n<li>No caso de aceder de outro Estado membro da Uni\u00e3o Europeia (Membros &#8211; European Data Protection Board (<a href=\"https:\/\/www.edpb.europa.eu\/about-edpb\/about-edpb\/members_pt\">europa.eu<\/a>)).<\/li>\n\n\n\n<li>No caso de aceder da Calif\u00f3rnia (<a href=\"https:\/\/privacy.ca.gov\/about-us\/about-the-cppa\/\">California Privacy Protection Agency &#8211; CPPA<\/a>).<\/li>\n<\/ul>\n\n\n\n<p><strong>Medidas de seguran\u00e7a<\/strong><\/p>\n\n\n\n<p>A URBASER adota as medidas t\u00e9cnicas e organizativas necess\u00e1rias para garantir a seguran\u00e7a dos dados pessoais para evitar sua altera\u00e7\u00e3o, perda, tratamento ou acesso n\u00e3o autorizado, considerando o estado da tecnologia, a natureza dos dados e os riscos a que est\u00e3o expostos.<\/p>\n\n\n\n<p><strong>Ponto de contacto<\/strong><\/p>\n\n\n\n<p>Se tiver alguma d\u00favida ou preocupa\u00e7\u00e3o sobre a pol\u00edtica de privacidade ou o tratamento dos seus dados pessoais, pode-nos contactar atrav\u00e9s do seguinte e-mail: pdp@urbaser.com.<\/p>\n\n\n\n<p><strong>Modifica\u00e7\u00e3o da Pol\u00edtica de Privacidade<\/strong><\/p>\n\n\n\n<p>A URBASER reserva-se o direito de modificar a presente Pol\u00edtica de Privacidade quando considerar necess\u00e1rio, sem necessidade de nova aceita\u00e7\u00e3o por parte do utilizador. Em nenhum caso a URBASER modificar\u00e1 as pol\u00edticas ou pr\u00e1ticas para torn\u00e1-las menos eficazes na prote\u00e7\u00e3o dos dados pessoais de nossos clientes armazenados anteriormente, sem o consentimento pr\u00e9vio dos clientes afetados.<\/p>\n\n\n\n<p>\u00daltima atualiza\u00e7\u00e3o:<a> <\/a>03\/03\/2025<\/p>\n","protected":false},"excerpt":{"rendered":"<p>A presente pol\u00edtica de privacidade \u00e9 aplic\u00e1vel ao tratamento de todos os dados pessoais que o utilizador fornecer \u00e0 URBASER, S.A.U. (doravante, \u201cURBASER\u201d) ao aceder seu site, que tratar\u00e1 os dados fornecidos pelo utilizador nos termos previstos nesta pol\u00edtica. Quem \u00e9 o respons\u00e1vel pelo tratamento dos seus dados? URBASER, S.A.U. com CIF n\u00ba A-79524054, e [&hellip;]<\/p>\n","protected":false},"author":1,"featured_media":0,"parent":0,"menu_order":0,"comment_status":"closed","ping_status":"closed","template":"","meta":{"_acf_changed":false,"footnotes":""},"class_list":["post-14315","page","type-page","status-publish","hentry"],"acf":[],"yoast_head":"<!-- This site is optimized with the Yoast SEO plugin v27.3 - https:\/\/yoast.com\/product\/yoast-seo-wordpress\/ -->\n<title>Pol\u00edtica de privacidade &#8211; Urbaser<\/title>\n<meta name=\"robots\" content=\"index, follow, max-snippet:-1, max-image-preview:large, max-video-preview:-1\" \/>\n<link rel=\"canonical\" href=\"https:\/\/www.urbaser.com\/pt\/politica-de-privacidade\/\" \/>\n<meta property=\"og:locale\" content=\"pt_PT\" \/>\n<meta property=\"og:type\" content=\"article\" \/>\n<meta property=\"og:title\" content=\"Pol\u00edtica de privacidade &#8211; Urbaser\" \/>\n<meta property=\"og:description\" content=\"A presente pol\u00edtica de privacidade \u00e9 aplic\u00e1vel ao tratamento de todos os dados pessoais que o utilizador fornecer \u00e0 URBASER, S.A.U. (doravante, \u201cURBASER\u201d) ao aceder seu site, que tratar\u00e1 os dados fornecidos pelo utilizador nos termos previstos nesta pol\u00edtica. Quem \u00e9 o respons\u00e1vel pelo tratamento dos seus dados? URBASER, S.A.U. com CIF n\u00ba A-79524054, e [&hellip;]\" \/>\n<meta property=\"og:url\" content=\"https:\/\/www.urbaser.com\/pt\/politica-de-privacidade\/\" \/>\n<meta property=\"og:site_name\" content=\"Urbaser\" \/>\n<meta property=\"article:publisher\" content=\"https:\/\/www.facebook.com\/urbaser\" \/>\n<meta property=\"article:modified_time\" content=\"2025-08-07T16:24:54+00:00\" \/>\n<meta property=\"og:image\" content=\"https:\/\/www.urbaser.com\/wp-content\/uploads\/2023\/04\/Urbaser.jpg\" \/>\n\t<meta property=\"og:image:width\" content=\"1200\" \/>\n\t<meta property=\"og:image:height\" content=\"675\" \/>\n\t<meta property=\"og:image:type\" content=\"image\/jpeg\" \/>\n<meta name=\"twitter:card\" content=\"summary_large_image\" \/>\n<meta name=\"twitter:site\" content=\"@urbaser_\" \/>\n<meta name=\"twitter:label1\" content=\"Tempo estimado de leitura\" \/>\n\t<meta name=\"twitter:data1\" content=\"6 minutos\" \/>\n<script type=\"application\/ld+json\" class=\"yoast-schema-graph\">{\"@context\":\"https:\\\/\\\/schema.org\",\"@graph\":[{\"@type\":\"WebPage\",\"@id\":\"https:\\\/\\\/www.urbaser.com\\\/pt\\\/politica-de-privacidade\\\/\",\"url\":\"https:\\\/\\\/www.urbaser.com\\\/pt\\\/politica-de-privacidade\\\/\",\"name\":\"Pol\u00edtica de privacidade &#8211; Urbaser\",\"isPartOf\":{\"@id\":\"https:\\\/\\\/www.urbaser.com\\\/pt\\\/#website\"},\"datePublished\":\"2025-03-11T19:36:01+00:00\",\"dateModified\":\"2025-08-07T16:24:54+00:00\",\"breadcrumb\":{\"@id\":\"https:\\\/\\\/www.urbaser.com\\\/pt\\\/politica-de-privacidade\\\/#breadcrumb\"},\"inLanguage\":\"pt-PT\",\"potentialAction\":[{\"@type\":\"ReadAction\",\"target\":[\"https:\\\/\\\/www.urbaser.com\\\/pt\\\/politica-de-privacidade\\\/\"]}]},{\"@type\":\"BreadcrumbList\",\"@id\":\"https:\\\/\\\/www.urbaser.com\\\/pt\\\/politica-de-privacidade\\\/#breadcrumb\",\"itemListElement\":[{\"@type\":\"ListItem\",\"position\":1,\"name\":\"Portada\",\"item\":\"https:\\\/\\\/www.urbaser.com\\\/pt\\\/\"},{\"@type\":\"ListItem\",\"position\":2,\"name\":\"Pol\u00edtica de privacidade\"}]},{\"@type\":\"WebSite\",\"@id\":\"https:\\\/\\\/www.urbaser.com\\\/pt\\\/#website\",\"url\":\"https:\\\/\\\/www.urbaser.com\\\/pt\\\/\",\"name\":\"Urbaser\",\"description\":\"Making circularity real\",\"publisher\":{\"@id\":\"https:\\\/\\\/www.urbaser.com\\\/pt\\\/#organization\"},\"alternateName\":\"Urbaser\",\"potentialAction\":[{\"@type\":\"SearchAction\",\"target\":{\"@type\":\"EntryPoint\",\"urlTemplate\":\"https:\\\/\\\/www.urbaser.com\\\/pt\\\/?s={search_term_string}\"},\"query-input\":{\"@type\":\"PropertyValueSpecification\",\"valueRequired\":true,\"valueName\":\"search_term_string\"}}],\"inLanguage\":\"pt-PT\"},{\"@type\":\"Organization\",\"@id\":\"https:\\\/\\\/www.urbaser.com\\\/pt\\\/#organization\",\"name\":\"Urbaser - Making Circularity Real\",\"alternateName\":\"Urbaser\",\"url\":\"https:\\\/\\\/www.urbaser.com\\\/pt\\\/\",\"logo\":{\"@type\":\"ImageObject\",\"inLanguage\":\"pt-PT\",\"@id\":\"https:\\\/\\\/www.urbaser.com\\\/pt\\\/#\\\/schema\\\/logo\\\/image\\\/\",\"url\":\"https:\\\/\\\/www.urbaser.com\\\/wp-content\\\/uploads\\\/2023\\\/04\\\/urbaser-logo-making-circularity-real-1.png\",\"contentUrl\":\"https:\\\/\\\/www.urbaser.com\\\/wp-content\\\/uploads\\\/2023\\\/04\\\/urbaser-logo-making-circularity-real-1.png\",\"width\":600,\"height\":316,\"caption\":\"Urbaser - Making Circularity Real\"},\"image\":{\"@id\":\"https:\\\/\\\/www.urbaser.com\\\/pt\\\/#\\\/schema\\\/logo\\\/image\\\/\"},\"sameAs\":[\"https:\\\/\\\/www.facebook.com\\\/urbaser\",\"https:\\\/\\\/x.com\\\/urbaser_\",\"https:\\\/\\\/www.linkedin.com\\\/company\\\/urbaser\\\/\",\"https:\\\/\\\/www.instagram.com\\\/urbaser\\\/\"]}]}<\/script>\n<!-- \/ Yoast SEO plugin. -->","yoast_head_json":{"title":"Pol\u00edtica de privacidade &#8211; Urbaser","robots":{"index":"index","follow":"follow","max-snippet":"max-snippet:-1","max-image-preview":"max-image-preview:large","max-video-preview":"max-video-preview:-1"},"canonical":"https:\/\/www.urbaser.com\/pt\/politica-de-privacidade\/","og_locale":"pt_PT","og_type":"article","og_title":"Pol\u00edtica de privacidade &#8211; Urbaser","og_description":"A presente pol\u00edtica de privacidade \u00e9 aplic\u00e1vel ao tratamento de todos os dados pessoais que o utilizador fornecer \u00e0 URBASER, S.A.U. (doravante, \u201cURBASER\u201d) ao aceder seu site, que tratar\u00e1 os dados fornecidos pelo utilizador nos termos previstos nesta pol\u00edtica. Quem \u00e9 o respons\u00e1vel pelo tratamento dos seus dados? URBASER, S.A.U. com CIF n\u00ba A-79524054, e [&hellip;]","og_url":"https:\/\/www.urbaser.com\/pt\/politica-de-privacidade\/","og_site_name":"Urbaser","article_publisher":"https:\/\/www.facebook.com\/urbaser","article_modified_time":"2025-08-07T16:24:54+00:00","og_image":[{"width":1200,"height":675,"url":"https:\/\/www.urbaser.com\/wp-content\/uploads\/2023\/04\/Urbaser.jpg","type":"image\/jpeg"}],"twitter_card":"summary_large_image","twitter_site":"@urbaser_","twitter_misc":{"Tempo estimado de leitura":"6 minutos"},"schema":{"@context":"https:\/\/schema.org","@graph":[{"@type":"WebPage","@id":"https:\/\/www.urbaser.com\/pt\/politica-de-privacidade\/","url":"https:\/\/www.urbaser.com\/pt\/politica-de-privacidade\/","name":"Pol\u00edtica de privacidade &#8211; Urbaser","isPartOf":{"@id":"https:\/\/www.urbaser.com\/pt\/#website"},"datePublished":"2025-03-11T19:36:01+00:00","dateModified":"2025-08-07T16:24:54+00:00","breadcrumb":{"@id":"https:\/\/www.urbaser.com\/pt\/politica-de-privacidade\/#breadcrumb"},"inLanguage":"pt-PT","potentialAction":[{"@type":"ReadAction","target":["https:\/\/www.urbaser.com\/pt\/politica-de-privacidade\/"]}]},{"@type":"BreadcrumbList","@id":"https:\/\/www.urbaser.com\/pt\/politica-de-privacidade\/#breadcrumb","itemListElement":[{"@type":"ListItem","position":1,"name":"Portada","item":"https:\/\/www.urbaser.com\/pt\/"},{"@type":"ListItem","position":2,"name":"Pol\u00edtica de privacidade"}]},{"@type":"WebSite","@id":"https:\/\/www.urbaser.com\/pt\/#website","url":"https:\/\/www.urbaser.com\/pt\/","name":"Urbaser","description":"Making circularity real","publisher":{"@id":"https:\/\/www.urbaser.com\/pt\/#organization"},"alternateName":"Urbaser","potentialAction":[{"@type":"SearchAction","target":{"@type":"EntryPoint","urlTemplate":"https:\/\/www.urbaser.com\/pt\/?s={search_term_string}"},"query-input":{"@type":"PropertyValueSpecification","valueRequired":true,"valueName":"search_term_string"}}],"inLanguage":"pt-PT"},{"@type":"Organization","@id":"https:\/\/www.urbaser.com\/pt\/#organization","name":"Urbaser - Making Circularity Real","alternateName":"Urbaser","url":"https:\/\/www.urbaser.com\/pt\/","logo":{"@type":"ImageObject","inLanguage":"pt-PT","@id":"https:\/\/www.urbaser.com\/pt\/#\/schema\/logo\/image\/","url":"https:\/\/www.urbaser.com\/wp-content\/uploads\/2023\/04\/urbaser-logo-making-circularity-real-1.png","contentUrl":"https:\/\/www.urbaser.com\/wp-content\/uploads\/2023\/04\/urbaser-logo-making-circularity-real-1.png","width":600,"height":316,"caption":"Urbaser - Making Circularity Real"},"image":{"@id":"https:\/\/www.urbaser.com\/pt\/#\/schema\/logo\/image\/"},"sameAs":["https:\/\/www.facebook.com\/urbaser","https:\/\/x.com\/urbaser_","https:\/\/www.linkedin.com\/company\/urbaser\/","https:\/\/www.instagram.com\/urbaser\/"]}]}},"_links":{"self":[{"href":"https:\/\/www.urbaser.com\/pt\/wp-json\/wp\/v2\/pages\/14315","targetHints":{"allow":["GET"]}}],"collection":[{"href":"https:\/\/www.urbaser.com\/pt\/wp-json\/wp\/v2\/pages"}],"about":[{"href":"https:\/\/www.urbaser.com\/pt\/wp-json\/wp\/v2\/types\/page"}],"author":[{"embeddable":true,"href":"https:\/\/www.urbaser.com\/pt\/wp-json\/wp\/v2\/users\/1"}],"replies":[{"embeddable":true,"href":"https:\/\/www.urbaser.com\/pt\/wp-json\/wp\/v2\/comments?post=14315"}],"version-history":[{"count":5,"href":"https:\/\/www.urbaser.com\/pt\/wp-json\/wp\/v2\/pages\/14315\/revisions"}],"predecessor-version":[{"id":16887,"href":"https:\/\/www.urbaser.com\/pt\/wp-json\/wp\/v2\/pages\/14315\/revisions\/16887"}],"wp:attachment":[{"href":"https:\/\/www.urbaser.com\/pt\/wp-json\/wp\/v2\/media?parent=14315"}],"curies":[{"name":"wp","href":"https:\/\/api.w.org\/{rel}","templated":true}]}}