{"id":14194,"date":"2023-07-13T13:05:13","date_gmt":"2023-07-13T12:05:13","guid":{"rendered":"https:\/\/www.urbaser.com\/soluciones-industriales\/bases-lubricantes-regeneradas\/"},"modified":"2025-07-14T14:08:24","modified_gmt":"2025-07-14T13:08:24","slug":"bases-lubrificantes-regeneradas","status":"publish","type":"page","link":"https:\/\/www.urbaser.com\/pt\/solucoes-industriais\/bases-lubrificantes-regeneradas\/","title":{"rendered":"Bases lubrificantes regeneradas"},"content":{"rendered":"\t\t<div data-elementor-type=\"wp-page\" data-elementor-id=\"14194\" class=\"elementor elementor-14194 elementor-10981\" data-elementor-post-type=\"page\">\n\t\t\t\t\t\t<section class=\"elementor-section elementor-top-section elementor-element elementor-element-7a568fb elementor-section-full_width elementor-section-height-default elementor-section-height-default\" data-id=\"7a568fb\" data-element_type=\"section\" data-e-type=\"section\" data-settings=\"{&quot;background_background&quot;:&quot;classic&quot;}\">\n\t\t\t\t\t\t<div class=\"elementor-container elementor-column-gap-default\">\n\t\t\t\t\t<div class=\"elementor-column elementor-col-50 elementor-top-column elementor-element elementor-element-2ad2da9\" data-id=\"2ad2da9\" data-element_type=\"column\" data-e-type=\"column\" data-settings=\"{&quot;background_background&quot;:&quot;classic&quot;}\">\n\t\t\t<div class=\"elementor-widget-wrap elementor-element-populated\">\n\t\t\t\t\t<div class=\"elementor-background-overlay\"><\/div>\n\t\t\t\t\t\t<section class=\"elementor-section elementor-inner-section elementor-element elementor-element-08ebe0b elementor-section-content-middle elementor-section-boxed elementor-section-height-default elementor-section-height-default\" data-id=\"08ebe0b\" data-element_type=\"section\" data-e-type=\"section\">\n\t\t\t\t\t\t<div class=\"elementor-container elementor-column-gap-no\">\n\t\t\t\t\t<div class=\"elementor-column elementor-col-100 elementor-inner-column elementor-element elementor-element-cca1ddd\" data-id=\"cca1ddd\" data-element_type=\"column\" data-e-type=\"column\">\n\t\t\t<div class=\"elementor-widget-wrap\">\n\t\t\t\t\t\t\t<\/div>\n\t\t<\/div>\n\t\t\t\t\t<\/div>\n\t\t<\/section>\n\t\t\t\t\t<\/div>\n\t\t<\/div>\n\t\t\t\t<div class=\"elementor-column elementor-col-50 elementor-top-column elementor-element elementor-element-4790110\" data-id=\"4790110\" data-element_type=\"column\" data-e-type=\"column\">\n\t\t\t<div class=\"elementor-widget-wrap elementor-element-populated\">\n\t\t\t\t\t\t<div class=\"elementor-element elementor-element-56e32a6 elementor-widget elementor-widget-button\" data-id=\"56e32a6\" data-element_type=\"widget\" data-e-type=\"widget\" data-widget_type=\"button.default\">\n\t\t\t\t<div class=\"elementor-widget-container\">\n\t\t\t\t\t\t\t\t\t<div class=\"elementor-button-wrapper\">\n\t\t\t\t\t<a class=\"elementor-button elementor-button-link elementor-size-sm\" href=\"https:\/\/www.urbaser.com\/pt\/solucoes-industriais\/#lineas-de-actividad\">\n\t\t\t\t\t\t<span class=\"elementor-button-content-wrapper\">\n\t\t\t\t\t\t<span class=\"elementor-button-icon\">\n\t\t\t\t<i aria-hidden=\"true\" class=\"fas fa-long-arrow-alt-left\"><\/i>\t\t\t<\/span>\n\t\t\t\t\t\t\t\t\t<span class=\"elementor-button-text\">L\u00edneas de actividad<\/span>\n\t\t\t\t\t<\/span>\n\t\t\t\t\t<\/a>\n\t\t\t\t<\/div>\n\t\t\t\t\t\t\t\t<\/div>\n\t\t\t\t<\/div>\n\t\t\t\t<div class=\"elementor-element elementor-element-0992670 elementor-widget elementor-widget-heading\" data-id=\"0992670\" data-element_type=\"widget\" data-e-type=\"widget\" data-widget_type=\"heading.default\">\n\t\t\t\t<div class=\"elementor-widget-container\">\n\t\t\t\t\t<h1 class=\"elementor-heading-title elementor-size-default\">Bases lubrificantes regeneradas<\/h1>\t\t\t\t<\/div>\n\t\t\t\t<\/div>\n\t\t\t\t<div class=\"elementor-element elementor-element-9c3d7da elementor-widget elementor-widget-text-editor\" data-id=\"9c3d7da\" data-element_type=\"widget\" data-e-type=\"widget\" data-widget_type=\"text-editor.default\">\n\t\t\t\t<div class=\"elementor-widget-container\">\n\t\t\t\t\t\t\t\t\tA Urbaser, oferecemos solu\u00e7\u00f5es ambientais para o sector industrial\t\t\t\t\t\t\t\t<\/div>\n\t\t\t\t<\/div>\n\t\t\t\t\t<\/div>\n\t\t<\/div>\n\t\t\t\t\t<\/div>\n\t\t<\/section>\n\t\t\t\t<section class=\"elementor-section elementor-top-section elementor-element elementor-element-5b2041d elementor-section-boxed elementor-section-height-default elementor-section-height-default\" data-id=\"5b2041d\" data-element_type=\"section\" data-e-type=\"section\" data-settings=\"{&quot;background_background&quot;:&quot;classic&quot;}\">\n\t\t\t\t\t\t<div class=\"elementor-container elementor-column-gap-default\">\n\t\t\t\t\t<div class=\"elementor-column elementor-col-100 elementor-top-column elementor-element elementor-element-10194ac\" data-id=\"10194ac\" data-element_type=\"column\" data-e-type=\"column\">\n\t\t\t<div class=\"elementor-widget-wrap elementor-element-populated\">\n\t\t\t\t\t\t<div class=\"elementor-element elementor-element-c158731 elementor-widget elementor-widget-text-editor\" data-id=\"c158731\" data-element_type=\"widget\" data-e-type=\"widget\" data-widget_type=\"text-editor.default\">\n\t\t\t\t<div class=\"elementor-widget-container\">\n\t\t\t\t\t\t\t\t\t<p>Os \u00f3leos lubrificantes, minerais ou sint\u00e9ticos, que se tenham tornado impr\u00f3prios para o uso a que estavam incialmente destinados, passam a ser um res\u00edduo. A Urbaser trabalha no desenvolvimento de tratamentos para reduzir o impacto desse res\u00edduo, realizando uma opera\u00e7ao designada de Regenera\u00e7ao que permite produzir \u00f3leos base regenerados mediante a refina\u00e7\u00e3o de \u00f3leos usados, mediante a remo\u00e7ao dos contaminantes, produtos de oxida\u00e7\u00e3o e aditivos que os referidos \u00f3leos contenham<\/p>\t\t\t\t\t\t\t\t<\/div>\n\t\t\t\t<\/div>\n\t\t\t\t\t<\/div>\n\t\t<\/div>\n\t\t\t\t\t<\/div>\n\t\t<\/section>\n\t\t\t\t<section class=\"elementor-section elementor-top-section elementor-element elementor-element-d361016 elementor-section-boxed elementor-section-height-default elementor-section-height-default\" data-id=\"d361016\" data-element_type=\"section\" data-e-type=\"section\">\n\t\t\t\t\t\t<div class=\"elementor-container elementor-column-gap-default\">\n\t\t\t\t\t<div class=\"elementor-column elementor-col-50 elementor-top-column elementor-element elementor-element-f9a0727\" data-id=\"f9a0727\" data-element_type=\"column\" data-e-type=\"column\">\n\t\t\t<div class=\"elementor-widget-wrap elementor-element-populated\">\n\t\t\t\t\t\t<div class=\"elementor-element elementor-element-0b7beb0 elementor-widget elementor-widget-text-editor\" data-id=\"0b7beb0\" data-element_type=\"widget\" data-e-type=\"widget\" data-widget_type=\"text-editor.default\">\n\t\t\t\t<div class=\"elementor-widget-container\">\n\t\t\t\t\t\t\t\t\t<p><strong>Somos pioneiros na regenera\u00e7\u00e3o de \u00f3leos industriais usados no nosso pa\u00eds.<\/strong><\/p><p>Realizamos um tratamento que, a partir dos res\u00edduos, permite obter bases que se convertem em novos tipos de lubrificantes industriais. Atualmente, em Portugal dispomos de 1 instala\u00e7\u00e3o de tratamento e venda de bases lubrificantes regeneradas situada no EcoParque do Relv\u00e3o (Chamusca \u2013 Santar\u00e9m). Em Espanha dispomos de 4 instala\u00e7\u00f5es de tratamento e venda de bases lubrificantes regeneradas situadas em locais estrat\u00e9gicos a n\u00edvel nacional: Alfaro (La Rioja), Fuenlabrada (Madrid), Cartagena (M\u00farcia) e Palos de la Frontera (Huelva).<\/p><p>Todos os nossos processos cumprem a Diretiva 2008\/98\/CE, que preconiza a gest\u00e3o de res\u00edduos sem p\u00f4r em perigo a sa\u00fade humana e o ambiente.<\/p><p>\u00a0<\/p><p>Gra\u00e7as ao tratamento efetuado nas nossas f\u00e1bricas, contribu\u00edmos de forma muito significativa para a venda de lubrificantes regenerados em Portugal e Espanha. Para o efeito, dispomos de um departamento comercial para a venda de bases regeneradas, posteriormente utilizadas para o fabrico de lubrificantes recuperados para motores, hidr\u00e1ulicos, etc. Este departamento est\u00e1 situado na nossa f\u00e1brica de Fuenlabrada, onde os clientes disp\u00f5em de um servi\u00e7o de aconselhamento e fornecimento personalizado.<\/p>\t\t\t\t\t\t\t\t<\/div>\n\t\t\t\t<\/div>\n\t\t\t\t\t<\/div>\n\t\t<\/div>\n\t\t\t\t<div class=\"elementor-column elementor-col-50 elementor-top-column elementor-element elementor-element-9af0143\" data-id=\"9af0143\" data-element_type=\"column\" data-e-type=\"column\">\n\t\t\t<div class=\"elementor-widget-wrap elementor-element-populated\">\n\t\t\t\t\t\t<div class=\"elementor-element elementor-element-f293cc3 elementor-widget elementor-widget-image\" data-id=\"f293cc3\" data-element_type=\"widget\" data-e-type=\"widget\" data-widget_type=\"image.default\">\n\t\t\t\t<div class=\"elementor-widget-container\">\n\t\t\t\t\t\t\t\t\t\t\t\t\t\t\t<img fetchpriority=\"high\" decoding=\"async\" width=\"766\" height=\"577\" src=\"https:\/\/www.urbaser.com\/wp-content\/uploads\/2025\/03\/bburbaser2.jpg\" class=\"attachment-full size-full wp-image-14198\" alt=\"\" srcset=\"https:\/\/www.urbaser.com\/wp-content\/uploads\/2025\/03\/bburbaser2.jpg 766w, https:\/\/www.urbaser.com\/wp-content\/uploads\/2025\/03\/bburbaser2-300x226.jpg 300w, https:\/\/www.urbaser.com\/wp-content\/uploads\/2025\/03\/bburbaser2-600x452.jpg 600w\" sizes=\"(max-width: 766px) 100vw, 766px\" \/>\t\t\t\t\t\t\t\t\t\t\t\t\t\t\t<\/div>\n\t\t\t\t<\/div>\n\t\t\t\t\t<\/div>\n\t\t<\/div>\n\t\t\t\t\t<\/div>\n\t\t<\/section>\n\t\t\t\t<section class=\"elementor-section elementor-top-section elementor-element elementor-element-6e7ed21 elementor-section-full_width elementor-section-height-default elementor-section-height-default\" data-id=\"6e7ed21\" data-element_type=\"section\" data-e-type=\"section\">\n\t\t\t\t\t\t<div class=\"elementor-container elementor-column-gap-no\">\n\t\t\t\t\t<div class=\"elementor-column elementor-col-100 elementor-top-column elementor-element elementor-element-fb94700\" data-id=\"fb94700\" data-element_type=\"column\" data-e-type=\"column\">\n\t\t\t<div class=\"elementor-widget-wrap elementor-element-populated\">\n\t\t\t\t\t\t<div class=\"elementor-element elementor-element-0441472 elementor-widget elementor-widget-template\" data-id=\"0441472\" data-element_type=\"widget\" data-e-type=\"widget\" data-widget_type=\"template.default\">\n\t\t\t\t<div class=\"elementor-widget-container\">\n\t\t\t\t\t\t\t<div class=\"elementor-template\">\n\t\t\t\t\t<div data-elementor-type=\"section\" data-elementor-id=\"14561\" class=\"elementor elementor-14561 elementor-10987 elementor-10987\" data-elementor-post-type=\"elementor_library\">\n\t\t\t<div class=\"elementor-element elementor-element-7ce43b9 e-con-full e-flex e-con e-parent\" data-id=\"7ce43b9\" data-element_type=\"container\" data-e-type=\"container\">\n\t\t\t\t<div class=\"elementor-element elementor-element-3fda1fa elementor-cta--layout-image-left elementor-cta--skin-classic elementor-animated-content elementor-bg-transform elementor-bg-transform-zoom-in elementor-widget elementor-widget-call-to-action\" data-id=\"3fda1fa\" data-element_type=\"widget\" data-e-type=\"widget\" data-widget_type=\"call-to-action.default\">\n\t\t\t\t<div class=\"elementor-widget-container\">\n\t\t\t\t\t\t\t<a class=\"elementor-cta\" href=\"\/pt\/contactar\">\n\t\t\t\t\t<div class=\"elementor-cta__bg-wrapper\">\n\t\t\t\t<div class=\"elementor-cta__bg elementor-bg\" style=\"background-image: url(https:\/\/www.urbaser.com\/wp-content\/uploads\/2023\/03\/together-real-min-1024x824.png);\" role=\"img\" aria-label=\"together-real-min\"><\/div>\n\t\t\t\t<div class=\"elementor-cta__bg-overlay\"><\/div>\n\t\t\t<\/div>\n\t\t\t\t\t\t\t<div class=\"elementor-cta__content\">\n\t\t\t\t\n\t\t\t\t\t\t\t\t\t<h3 class=\"elementor-cta__title elementor-cta__content-item elementor-content-item\">\n\t\t\t\t\t\tContactar\t\t\t\t\t<\/h3>\n\t\t\t\t\n\t\t\t\t\n\t\t\t\t\t\t\t\t\t<div class=\"elementor-cta__button-wrapper elementor-cta__content-item elementor-content-item \">\n\t\t\t\t\t<span class=\"elementor-cta__button elementor-button elementor-size-\">\n\t\t\t\t\t\tSe deseja contactar com esta \u00e1rea, clique aqui\t\t\t\t\t<\/span>\n\t\t\t\t\t<\/div>\n\t\t\t\t\t\t\t<\/div>\n\t\t\t\t\t\t<\/a>\n\t\t\t\t\t\t<\/div>\n\t\t\t\t<\/div>\n\t\t\t\t<\/div>\n\t\t\t\t<\/div>\n\t\t\t\t<\/div>\n\t\t\t\t\t\t<\/div>\n\t\t\t\t<\/div>\n\t\t\t\t\t<\/div>\n\t\t<\/div>\n\t\t\t\t\t<\/div>\n\t\t<\/section>\n\t\t\t\t<section class=\"elementor-section elementor-top-section elementor-element elementor-element-bf70262 elementor-section-boxed elementor-section-height-default elementor-section-height-default\" data-id=\"bf70262\" data-element_type=\"section\" data-e-type=\"section\">\n\t\t\t\t\t\t<div class=\"elementor-container elementor-column-gap-default\">\n\t\t\t\t\t<div class=\"elementor-column elementor-col-100 elementor-top-column elementor-element elementor-element-3cd02a3\" data-id=\"3cd02a3\" data-element_type=\"column\" data-e-type=\"column\">\n\t\t\t<div class=\"elementor-widget-wrap elementor-element-populated\">\n\t\t\t\t\t\t<div class=\"elementor-element elementor-element-0742081 elementor-widget elementor-widget-heading\" data-id=\"0742081\" data-element_type=\"widget\" data-e-type=\"widget\" data-widget_type=\"heading.default\">\n\t\t\t\t<div class=\"elementor-widget-container\">\n\t\t\t\t\t<h3 class=\"elementor-heading-title elementor-size-default\">Chamusca \u2013 Ecoparque do Relv\u00e3o \u2013 Rua do Ecoparque Lote 6\n2140-671 Chamusca\n<\/h3>\t\t\t\t<\/div>\n\t\t\t\t<\/div>\n\t\t\t\t\t<\/div>\n\t\t<\/div>\n\t\t\t\t\t<\/div>\n\t\t<\/section>\n\t\t\t\t<\/div>\n\t\t","protected":false},"excerpt":{"rendered":"<p>L\u00edneas de actividad Bases lubrificantes regeneradas A Urbaser, oferecemos solu\u00e7\u00f5es ambientais para o sector industrial Os \u00f3leos lubrificantes, minerais ou sint\u00e9ticos, que se tenham tornado impr\u00f3prios para o uso a que estavam incialmente destinados, passam a ser um res\u00edduo. A Urbaser trabalha no desenvolvimento de tratamentos para reduzir o impacto desse res\u00edduo, realizando uma opera\u00e7ao [&hellip;]<\/p>\n","protected":false},"author":1,"featured_media":0,"parent":14139,"menu_order":0,"comment_status":"closed","ping_status":"closed","template":"","meta":{"_acf_changed":false,"footnotes":""},"class_list":["post-14194","page","type-page","status-publish","hentry"],"acf":[],"yoast_head":"<!-- This site is optimized with the Yoast SEO plugin v27.3 - https:\/\/yoast.com\/product\/yoast-seo-wordpress\/ -->\n<title>Bases lubrificantes regeneradas &#8211; Urbaser<\/title>\n<meta name=\"robots\" content=\"index, follow, max-snippet:-1, max-image-preview:large, max-video-preview:-1\" \/>\n<link rel=\"canonical\" href=\"https:\/\/www.urbaser.com\/pt\/solucoes-industriais\/bases-lubrificantes-regeneradas\/\" \/>\n<meta property=\"og:locale\" content=\"pt_PT\" \/>\n<meta property=\"og:type\" content=\"article\" \/>\n<meta property=\"og:title\" content=\"Bases lubrificantes regeneradas &#8211; Urbaser\" \/>\n<meta property=\"og:description\" content=\"L\u00edneas de actividad Bases lubrificantes regeneradas A Urbaser, oferecemos solu\u00e7\u00f5es ambientais para o sector industrial Os \u00f3leos lubrificantes, minerais ou sint\u00e9ticos, que se tenham tornado impr\u00f3prios para o uso a que estavam incialmente destinados, passam a ser um res\u00edduo. A Urbaser trabalha no desenvolvimento de tratamentos para reduzir o impacto desse res\u00edduo, realizando uma opera\u00e7ao [&hellip;]\" \/>\n<meta property=\"og:url\" content=\"https:\/\/www.urbaser.com\/pt\/solucoes-industriais\/bases-lubrificantes-regeneradas\/\" \/>\n<meta property=\"og:site_name\" content=\"Urbaser\" \/>\n<meta property=\"article:publisher\" content=\"https:\/\/www.facebook.com\/urbaser\" \/>\n<meta property=\"article:modified_time\" content=\"2025-07-14T13:08:24+00:00\" \/>\n<meta property=\"og:image\" content=\"https:\/\/www.urbaser.com\/wp-content\/uploads\/2025\/03\/bburbaser2.jpg\" \/>\n\t<meta property=\"og:image:width\" content=\"766\" \/>\n\t<meta property=\"og:image:height\" content=\"577\" \/>\n\t<meta property=\"og:image:type\" content=\"image\/jpeg\" \/>\n<meta name=\"twitter:card\" content=\"summary_large_image\" \/>\n<meta name=\"twitter:site\" content=\"@urbaser_\" \/>\n<meta name=\"twitter:label1\" content=\"Tempo estimado de leitura\" \/>\n\t<meta name=\"twitter:data1\" content=\"2 minutos\" \/>\n<script type=\"application\/ld+json\" class=\"yoast-schema-graph\">{\"@context\":\"https:\\\/\\\/schema.org\",\"@graph\":[{\"@type\":\"WebPage\",\"@id\":\"https:\\\/\\\/www.urbaser.com\\\/pt\\\/solucoes-industriais\\\/bases-lubrificantes-regeneradas\\\/\",\"url\":\"https:\\\/\\\/www.urbaser.com\\\/pt\\\/solucoes-industriais\\\/bases-lubrificantes-regeneradas\\\/\",\"name\":\"Bases lubrificantes regeneradas &#8211; Urbaser\",\"isPartOf\":{\"@id\":\"https:\\\/\\\/www.urbaser.com\\\/pt\\\/#website\"},\"primaryImageOfPage\":{\"@id\":\"https:\\\/\\\/www.urbaser.com\\\/pt\\\/solucoes-industriais\\\/bases-lubrificantes-regeneradas\\\/#primaryimage\"},\"image\":{\"@id\":\"https:\\\/\\\/www.urbaser.com\\\/pt\\\/solucoes-industriais\\\/bases-lubrificantes-regeneradas\\\/#primaryimage\"},\"thumbnailUrl\":\"https:\\\/\\\/www.urbaser.com\\\/wp-content\\\/uploads\\\/2025\\\/03\\\/bburbaser2.jpg\",\"datePublished\":\"2023-07-13T12:05:13+00:00\",\"dateModified\":\"2025-07-14T13:08:24+00:00\",\"breadcrumb\":{\"@id\":\"https:\\\/\\\/www.urbaser.com\\\/pt\\\/solucoes-industriais\\\/bases-lubrificantes-regeneradas\\\/#breadcrumb\"},\"inLanguage\":\"pt-PT\",\"potentialAction\":[{\"@type\":\"ReadAction\",\"target\":[\"https:\\\/\\\/www.urbaser.com\\\/pt\\\/solucoes-industriais\\\/bases-lubrificantes-regeneradas\\\/\"]}]},{\"@type\":\"ImageObject\",\"inLanguage\":\"pt-PT\",\"@id\":\"https:\\\/\\\/www.urbaser.com\\\/pt\\\/solucoes-industriais\\\/bases-lubrificantes-regeneradas\\\/#primaryimage\",\"url\":\"https:\\\/\\\/www.urbaser.com\\\/wp-content\\\/uploads\\\/2025\\\/03\\\/bburbaser2.jpg\",\"contentUrl\":\"https:\\\/\\\/www.urbaser.com\\\/wp-content\\\/uploads\\\/2025\\\/03\\\/bburbaser2.jpg\"},{\"@type\":\"BreadcrumbList\",\"@id\":\"https:\\\/\\\/www.urbaser.com\\\/pt\\\/solucoes-industriais\\\/bases-lubrificantes-regeneradas\\\/#breadcrumb\",\"itemListElement\":[{\"@type\":\"ListItem\",\"position\":1,\"name\":\"Portada\",\"item\":\"https:\\\/\\\/www.urbaser.com\\\/pt\\\/\"},{\"@type\":\"ListItem\",\"position\":2,\"name\":\"Solu\u00e7oes Industriais\",\"item\":\"https:\\\/\\\/www.urbaser.com\\\/pt\\\/solucoes-industriais\\\/\"},{\"@type\":\"ListItem\",\"position\":3,\"name\":\"Bases lubrificantes regeneradas\"}]},{\"@type\":\"WebSite\",\"@id\":\"https:\\\/\\\/www.urbaser.com\\\/pt\\\/#website\",\"url\":\"https:\\\/\\\/www.urbaser.com\\\/pt\\\/\",\"name\":\"Urbaser\",\"description\":\"Making circularity real\",\"publisher\":{\"@id\":\"https:\\\/\\\/www.urbaser.com\\\/pt\\\/#organization\"},\"alternateName\":\"Urbaser\",\"potentialAction\":[{\"@type\":\"SearchAction\",\"target\":{\"@type\":\"EntryPoint\",\"urlTemplate\":\"https:\\\/\\\/www.urbaser.com\\\/pt\\\/?s={search_term_string}\"},\"query-input\":{\"@type\":\"PropertyValueSpecification\",\"valueRequired\":true,\"valueName\":\"search_term_string\"}}],\"inLanguage\":\"pt-PT\"},{\"@type\":\"Organization\",\"@id\":\"https:\\\/\\\/www.urbaser.com\\\/pt\\\/#organization\",\"name\":\"Urbaser - Making Circularity Real\",\"alternateName\":\"Urbaser\",\"url\":\"https:\\\/\\\/www.urbaser.com\\\/pt\\\/\",\"logo\":{\"@type\":\"ImageObject\",\"inLanguage\":\"pt-PT\",\"@id\":\"https:\\\/\\\/www.urbaser.com\\\/pt\\\/#\\\/schema\\\/logo\\\/image\\\/\",\"url\":\"https:\\\/\\\/www.urbaser.com\\\/wp-content\\\/uploads\\\/2023\\\/04\\\/urbaser-logo-making-circularity-real-1.png\",\"contentUrl\":\"https:\\\/\\\/www.urbaser.com\\\/wp-content\\\/uploads\\\/2023\\\/04\\\/urbaser-logo-making-circularity-real-1.png\",\"width\":600,\"height\":316,\"caption\":\"Urbaser - Making Circularity Real\"},\"image\":{\"@id\":\"https:\\\/\\\/www.urbaser.com\\\/pt\\\/#\\\/schema\\\/logo\\\/image\\\/\"},\"sameAs\":[\"https:\\\/\\\/www.facebook.com\\\/urbaser\",\"https:\\\/\\\/x.com\\\/urbaser_\",\"https:\\\/\\\/www.linkedin.com\\\/company\\\/urbaser\\\/\",\"https:\\\/\\\/www.instagram.com\\\/urbaser\\\/\"]}]}<\/script>\n<!-- \/ Yoast SEO plugin. -->","yoast_head_json":{"title":"Bases lubrificantes regeneradas &#8211; Urbaser","robots":{"index":"index","follow":"follow","max-snippet":"max-snippet:-1","max-image-preview":"max-image-preview:large","max-video-preview":"max-video-preview:-1"},"canonical":"https:\/\/www.urbaser.com\/pt\/solucoes-industriais\/bases-lubrificantes-regeneradas\/","og_locale":"pt_PT","og_type":"article","og_title":"Bases lubrificantes regeneradas &#8211; Urbaser","og_description":"L\u00edneas de actividad Bases lubrificantes regeneradas A Urbaser, oferecemos solu\u00e7\u00f5es ambientais para o sector industrial Os \u00f3leos lubrificantes, minerais ou sint\u00e9ticos, que se tenham tornado impr\u00f3prios para o uso a que estavam incialmente destinados, passam a ser um res\u00edduo. A Urbaser trabalha no desenvolvimento de tratamentos para reduzir o impacto desse res\u00edduo, realizando uma opera\u00e7ao [&hellip;]","og_url":"https:\/\/www.urbaser.com\/pt\/solucoes-industriais\/bases-lubrificantes-regeneradas\/","og_site_name":"Urbaser","article_publisher":"https:\/\/www.facebook.com\/urbaser","article_modified_time":"2025-07-14T13:08:24+00:00","og_image":[{"width":766,"height":577,"url":"https:\/\/www.urbaser.com\/wp-content\/uploads\/2025\/03\/bburbaser2.jpg","type":"image\/jpeg"}],"twitter_card":"summary_large_image","twitter_site":"@urbaser_","twitter_misc":{"Tempo estimado de leitura":"2 minutos"},"schema":{"@context":"https:\/\/schema.org","@graph":[{"@type":"WebPage","@id":"https:\/\/www.urbaser.com\/pt\/solucoes-industriais\/bases-lubrificantes-regeneradas\/","url":"https:\/\/www.urbaser.com\/pt\/solucoes-industriais\/bases-lubrificantes-regeneradas\/","name":"Bases lubrificantes regeneradas &#8211; Urbaser","isPartOf":{"@id":"https:\/\/www.urbaser.com\/pt\/#website"},"primaryImageOfPage":{"@id":"https:\/\/www.urbaser.com\/pt\/solucoes-industriais\/bases-lubrificantes-regeneradas\/#primaryimage"},"image":{"@id":"https:\/\/www.urbaser.com\/pt\/solucoes-industriais\/bases-lubrificantes-regeneradas\/#primaryimage"},"thumbnailUrl":"https:\/\/www.urbaser.com\/wp-content\/uploads\/2025\/03\/bburbaser2.jpg","datePublished":"2023-07-13T12:05:13+00:00","dateModified":"2025-07-14T13:08:24+00:00","breadcrumb":{"@id":"https:\/\/www.urbaser.com\/pt\/solucoes-industriais\/bases-lubrificantes-regeneradas\/#breadcrumb"},"inLanguage":"pt-PT","potentialAction":[{"@type":"ReadAction","target":["https:\/\/www.urbaser.com\/pt\/solucoes-industriais\/bases-lubrificantes-regeneradas\/"]}]},{"@type":"ImageObject","inLanguage":"pt-PT","@id":"https:\/\/www.urbaser.com\/pt\/solucoes-industriais\/bases-lubrificantes-regeneradas\/#primaryimage","url":"https:\/\/www.urbaser.com\/wp-content\/uploads\/2025\/03\/bburbaser2.jpg","contentUrl":"https:\/\/www.urbaser.com\/wp-content\/uploads\/2025\/03\/bburbaser2.jpg"},{"@type":"BreadcrumbList","@id":"https:\/\/www.urbaser.com\/pt\/solucoes-industriais\/bases-lubrificantes-regeneradas\/#breadcrumb","itemListElement":[{"@type":"ListItem","position":1,"name":"Portada","item":"https:\/\/www.urbaser.com\/pt\/"},{"@type":"ListItem","position":2,"name":"Solu\u00e7oes Industriais","item":"https:\/\/www.urbaser.com\/pt\/solucoes-industriais\/"},{"@type":"ListItem","position":3,"name":"Bases lubrificantes regeneradas"}]},{"@type":"WebSite","@id":"https:\/\/www.urbaser.com\/pt\/#website","url":"https:\/\/www.urbaser.com\/pt\/","name":"Urbaser","description":"Making circularity real","publisher":{"@id":"https:\/\/www.urbaser.com\/pt\/#organization"},"alternateName":"Urbaser","potentialAction":[{"@type":"SearchAction","target":{"@type":"EntryPoint","urlTemplate":"https:\/\/www.urbaser.com\/pt\/?s={search_term_string}"},"query-input":{"@type":"PropertyValueSpecification","valueRequired":true,"valueName":"search_term_string"}}],"inLanguage":"pt-PT"},{"@type":"Organization","@id":"https:\/\/www.urbaser.com\/pt\/#organization","name":"Urbaser - Making Circularity Real","alternateName":"Urbaser","url":"https:\/\/www.urbaser.com\/pt\/","logo":{"@type":"ImageObject","inLanguage":"pt-PT","@id":"https:\/\/www.urbaser.com\/pt\/#\/schema\/logo\/image\/","url":"https:\/\/www.urbaser.com\/wp-content\/uploads\/2023\/04\/urbaser-logo-making-circularity-real-1.png","contentUrl":"https:\/\/www.urbaser.com\/wp-content\/uploads\/2023\/04\/urbaser-logo-making-circularity-real-1.png","width":600,"height":316,"caption":"Urbaser - Making Circularity Real"},"image":{"@id":"https:\/\/www.urbaser.com\/pt\/#\/schema\/logo\/image\/"},"sameAs":["https:\/\/www.facebook.com\/urbaser","https:\/\/x.com\/urbaser_","https:\/\/www.linkedin.com\/company\/urbaser\/","https:\/\/www.instagram.com\/urbaser\/"]}]}},"_links":{"self":[{"href":"https:\/\/www.urbaser.com\/pt\/wp-json\/wp\/v2\/pages\/14194","targetHints":{"allow":["GET"]}}],"collection":[{"href":"https:\/\/www.urbaser.com\/pt\/wp-json\/wp\/v2\/pages"}],"about":[{"href":"https:\/\/www.urbaser.com\/pt\/wp-json\/wp\/v2\/types\/page"}],"author":[{"embeddable":true,"href":"https:\/\/www.urbaser.com\/pt\/wp-json\/wp\/v2\/users\/1"}],"replies":[{"embeddable":true,"href":"https:\/\/www.urbaser.com\/pt\/wp-json\/wp\/v2\/comments?post=14194"}],"version-history":[{"count":29,"href":"https:\/\/www.urbaser.com\/pt\/wp-json\/wp\/v2\/pages\/14194\/revisions"}],"predecessor-version":[{"id":16483,"href":"https:\/\/www.urbaser.com\/pt\/wp-json\/wp\/v2\/pages\/14194\/revisions\/16483"}],"up":[{"embeddable":true,"href":"https:\/\/www.urbaser.com\/pt\/wp-json\/wp\/v2\/pages\/14139"}],"wp:attachment":[{"href":"https:\/\/www.urbaser.com\/pt\/wp-json\/wp\/v2\/media?parent=14194"}],"curies":[{"name":"wp","href":"https:\/\/api.w.org\/{rel}","templated":true}]}}