{"id":12993,"date":"2022-11-16T10:32:00","date_gmt":"2022-11-16T09:32:00","guid":{"rendered":"https:\/\/www.urbaser.com\/politica-de-privacidad-2\/"},"modified":"2022-11-16T10:32:00","modified_gmt":"2022-11-16T09:32:00","slug":"politica-de-privacidad","status":"publish","type":"page","link":"https:\/\/www.urbaser.com\/en\/politica-de-privacidad\/","title":{"rendered":"Pol\u00edtica de privacidad"},"content":{"rendered":"\n<p>La presente pol\u00edtica de privacidad es aplicable al tratamiento de todos los datos de car\u00e1cter personal que el usuario aporte a URBASER, S.A.U. (en adelante, \u201c<strong>URBASER<\/strong>\u201d) al acceder a su p\u00e1gina web, que tratar\u00e1 los datos facilitados por el usuario en los t\u00e9rminos previstos en la presente pol\u00edtica.<\/p>\n\n\n\n<p><strong>\u00bfQui\u00e9n es el Responsable del tratamiento de sus datos?<\/strong><\/p>\n\n\n\n<p>URBASER, S.A.U. con CIF n\u00ba A-79524054, y domicilio social en Calle Agust\u00edn de Fox\u00e1, 4, 28036 Madrid (Espa\u00f1a), en su condici\u00f3n de Responsable del tratamiento, tratar\u00e1 los datos facilitados por el usuario de conformidad con el Reglamento General de Protecci\u00f3n de Datos (RGPD) y dem\u00e1s normativa vigente que resulte de aplicaci\u00f3n.<\/p>\n\n\n\n<p>En caso de duda acerca del tratamiento de sus datos de car\u00e1cter personal, el usuario podr\u00e1 contactar con el \u00c1rea de Protecci\u00f3n de Datos de URBASER a trav\u00e9s de <a href=\"about:blank\">pdp@urbaser.com<\/a>.<\/p>\n\n\n\n<p><strong>\u00bfQu\u00e9 datos de car\u00e1cter personal recabamos a trav\u00e9s de la P\u00e1gina?<\/strong><\/p>\n\n\n\n<ul class=\"wp-block-list\">\n<li>Datos recabados de manera directa: por la cumplimentaci\u00f3n de formularios y cuestionarios ubicados en las diferentes secciones de la p\u00e1gina con la finalidad de enviarnos sus solicitudes de informaci\u00f3n, peticiones, registrar su alta, tramitar su curr\u00edculo, etc.<\/li>\n\n\n\n<li>Datos recabados de manera indirecta mediante el uso de cookies: para estad\u00edsticas, para analizar el uso que se realiza de nuestra P\u00e1gina y facilitar servicios de valor a\u00f1adido como el mapa de ubicaci\u00f3n de nuestras oficinas. Consulte nuestra\u00a0 <a href=\"https:\/\/www.urbaser.com\/en\/cookies-policy\/\" target=\"_blank\" rel=\"noreferrer noopener\">Pol\u00edtica de Cookies<\/a> para obtener informaci\u00f3n sobre las cookies que utilizamos.<\/li>\n<\/ul>\n\n\n\n<p><strong>\u00bfCon qu\u00e9 finalidad tratamos sus datos personales?&nbsp;<\/strong><\/p>\n\n\n\n<ol class=\"wp-block-list\">\n<li><strong>Contacto<\/strong><\/li>\n<\/ol>\n\n\n\n<ul class=\"wp-block-list\">\n<li>Finalidad: atender y gestionar las solicitudes, reclamaciones y\/o sugerencias recibidas a trav\u00e9s de los distintos correos electr\u00f3nicos y v\u00edas de contacto que aparecen en la p\u00e1gina web de URBASER.<\/li>\n\n\n\n<li>Datos tratados para esta finalidad: datos de contacto (correo electr\u00f3nico); otras categor\u00edas de datos que puedan ser proporcionadas por los usuarios al comunicarse con URBASER.<\/li>\n\n\n\n<li>Base de legitimaci\u00f3n:\u00a0consentimiento del usuario.<\/li>\n<\/ul>\n\n\n\n<ol start=\"2\" class=\"wp-block-list\">\n<li><strong>Canal \u00e9tico<\/strong><\/li>\n<\/ol>\n\n\n\n<ul class=\"wp-block-list\">\n<li>Finalidad: identificar infracciones, irregularidades o incumplimientos cometidos en el seno de la entidad o de cualquiera de sus filiales, y, si procede, iniciar el correspondiente expediente de investigaci\u00f3n.<\/li>\n\n\n\n<li>Datos tratados para esta finalidad: datos identificativos y de contacto (nombre y apellidos, ciudad, pa\u00eds, direcci\u00f3n, correo electr\u00f3nico, tel\u00e9fono), y otras categor\u00edas de datos que puedan ser proporcionadas por los usuarios al comunicarse con URBASER.<\/li>\n\n\n\n<li>Base de legitimaci\u00f3n:\u00a0el inter\u00e9s leg\u00edtimo de la entidad en la prevenci\u00f3n de delitos en el \u00e1mbito europeo, en cumplimiento de la Directiva (UE) 2019\/1937 del parlamento Europeo y del Consejo, de 23 de octubre de 2019, relativa a la protecci\u00f3n de las personas que informen sobre infracciones del Derecho de la Uni\u00f3n, y en California, en cumplimiento del California Whistleblower Protection Act.<\/li>\n<\/ul>\n\n\n\n<p>Consulte nuestra <a href=\"https:\/\/www.urbaser.com\/wp-content\/uploads\/2023\/07\/Politica-de-Privacidad-del-Canal-Etico-Espana-1.pdf\" target=\"_blank\" rel=\"noreferrer noopener\">Pol\u00edtica de Privacidad del Canal \u00c9tico (Espa\u00f1a)<\/a> para obtener informaci\u00f3n adicional sobre el tratamiento de sus datos de car\u00e1cter personal.<\/p>\n\n\n\n<p><strong><strong>\u00bfQu\u00e9 datos personales debe facilitarnos en cada caso?<\/strong><\/strong><\/p>\n\n\n\n<p>URBASER informa a los usuarios que, cuando los datos personales sean recabados a trav\u00e9s de un formulario puesto a disposici\u00f3n a trav\u00e9s de nuestra p\u00e1gina web, ser\u00e1 necesario que el usuario aporte, al menos, aquellos datos marcados con un asterisco (*). En caso de no proporcionar dichos datos, considerados como necesarios, URBASER no podr\u00e1n gestionar su solicitud.<\/p>\n\n\n\n<p><strong><strong>\u00bfPor cu\u00e1nto tiempo conservamos sus datos personales?<\/strong><\/strong><\/p>\n\n\n\n<p>Los datos facilitados por el usuario a trav\u00e9s de las v\u00edas de contacto que figuran en la p\u00e1gina web de Urbaser se conservar\u00e1n durante el tiempo necesario para atender su solicitud, reclamaci\u00f3n y\/o sugerencia y, en caso de aplicarse plazos legales hasta la finalizaci\u00f3n de estos o la prescripci\u00f3n de acciones legales aparejadas.<\/p>\n\n\n\n<p>Los datos facilitados por el usuario a trav\u00e9s del canal \u00e9tico se conservar\u00e1n durante el tiempo imprescindible para decidir sobre la procedencia de iniciar una investigaci\u00f3n sobre los hechos informados. En todo caso, transcurridos tres meses desde la recepci\u00f3n de la comunicaci\u00f3n sin que se hubieran iniciado actuaciones de investigaci\u00f3n, se proceder\u00e1 a su supresi\u00f3n, salvo que la finalidad de la conservaci\u00f3n sea dejar evidencia del funcionamiento del sistema de denuncias.<\/p>\n\n\n\n<p><strong><strong>\u00bfCon qui\u00e9n compartimos los datos personales de los usuarios?<\/strong><\/strong><\/p>\n\n\n\n<p>Est\u00e1n previstas las siguientes cesiones de datos:<\/p>\n\n\n\n<ul class=\"wp-block-list\">\n<li>Atendiendo a sus peticiones de informaci\u00f3n o de servicios, URBASER podr\u00e1 redirigir sus datos identificativos, los datos contenidos en la solicitud y aquellos que considere necesarios para la resoluci\u00f3n de la misma, a entidades que forman parte del grupo societario del que URBASER es la entidad dominante (en adelante, el Grupo URBASER). Algunos de estos destinatarios pueden estar ubicados fuera del Espacio Econ\u00f3mico Europeo. En tal supuesto, llevaremos a cabo dichas transferencias solo cuando tengamos una base legal para hacerlo o cuando el destinatario (i) est\u00e9 en un pa\u00eds u organizaci\u00f3n que brinde un nivel adecuado de protecci\u00f3n, o (ii) haya firmado un acuerdo que garantice que cumplir\u00e1 con los requerimientos establecidos en la Uni\u00f3n Europea (UE) para la transferencia de datos personales a procesadores fuera de la UE. Adem\u00e1s, URBASER cuenta con pol\u00edticas y procedimientos corporativos de protecci\u00f3n de datos y centraliza su actividad en un \u00fanico Delegado de Protecci\u00f3n de Datos, que cuenta con el apoyo de coordinadores locales, garantizando que siempre se cumplen los est\u00e1ndares de seguridad y protecci\u00f3n de datos necesarios para compartir su informaci\u00f3n personal.<\/li>\n\n\n\n<li>Responsables de servicios de anal\u00edtica web: la P\u00e1gina tiene habilitadas herramientas prestadas por Google LLC. El uso de estas herramientas podr\u00eda implicar una transferencia internacional de datos a Estados Unidos.<\/li>\n\n\n\n<li>A Administraciones P\u00fablicas en los casos que resulte preciso de conformidad con la normativa vigente en cada momento, as\u00ed como a las autoridades judiciales y Fuerzas y Cuerpos de Seguridad del Estado cuando resulte necesario.<\/li>\n<\/ul>\n\n\n\n<p><strong><strong>\u00bfCu\u00e1les son los derechos de los usuarios?<\/strong><\/strong><\/p>\n\n\n\n<p>El usuario, as\u00ed como su representante autorizado, puede ejercitar sus derechos de acceso, rectificaci\u00f3n, supresi\u00f3n, portabilidad y la limitaci\u00f3n u oposici\u00f3n dirigi\u00e9ndose por escrito a URBASER, S.A.U., con direcci\u00f3n en la Calle Agust\u00edn de Fox\u00e1, 4, 28036 Madrid (Espa\u00f1a), o mediante el env\u00edo de un correo electr\u00f3nico a la siguiente direcci\u00f3n\u00a0<a href=\"about:blank\">pdp@urbaser.com<\/a>. En ambos supuestos, deber\u00e1 acreditarse la identidad de la persona que ejerce sus derechos. Para el caso que no fuera suficiente, podr\u00e1 solicitarse informaci\u00f3n adicional.<\/p>\n\n\n\n<p>En el caso de acceder desde California y de acuerdo con el Privacy Rights Act (CPRA), los usuarios tambi\u00e9n pueden ejercer el derecho de exclusi\u00f3n voluntaria y el derecho a la no discriminaci\u00f3n a trav\u00e9s de los medios descritos anteriormente.<\/p>\n\n\n\n<p>Los interesados tienen derecho a retirar el consentimiento prestado y a reclamar ante la Autoridad de Protecci\u00f3n de Datos competente en cada caso:<\/p>\n\n\n\n<ul class=\"wp-block-list\">\n<li>En caso de que acceda desde Espa\u00f1a (<a href=\"https:\/\/www.aepd.es\/es\">Agencia Espa\u00f1ola de Protecci\u00f3n de Datos | AEPD)<\/a>.<\/li>\n\n\n\n<li>En caso de que acceda desde otro Estado miembro de la Uni\u00f3n Europea (<a href=\"https:\/\/www.edpb.europa.eu\/about-edpb\/about-edpb\/members_es\">Miembros | European Data Protection Board (europa.eu<\/a><a href=\"about:blank\">)<\/a>).<\/li>\n\n\n\n<li>En caso de que acceda desde California (<a href=\"about:blank\">California Privacy <\/a><a href=\"https:\/\/privacy.ca.gov\/about-us\/about-the-cppa\/\">Protection Agency (CPPA<\/a><a href=\"about:blank\">)<\/a>).<\/li>\n<\/ul>\n\n\n\n<p><strong><strong>Medidas de seguridad<\/strong><\/strong><\/p>\n\n\n\n<p>URBASER adopta las medidas de \u00edndole t\u00e9cnica y organizativa necesarias para garantizar la seguridad de los datos de car\u00e1cter personal para evitar su alteraci\u00f3n, p\u00e9rdida, tratamiento o acceso no autorizado, habida cuenta del estado de la tecnolog\u00eda, la naturaleza de los datos y los riesgos a los que est\u00e1n expuestos.<\/p>\n\n\n\n<p><strong>Punto de contacto<\/strong><\/p>\n\n\n\n<p>Si tiene alguna duda o inquietud acerca de la pol\u00edtica de privacidad o del tratamiento de sus datos personales puede contactarnos a trav\u00e9s de la siguiente direcci\u00f3n de correo electr\u00f3nico: pdp@urbaser.com.<\/p>\n\n\n\n<p><strong>Modificaci\u00f3n de la Pol\u00edtica de Privacidad<\/strong><\/p>\n\n\n\n<p>URBASER se reserva el derecho de modificar la presente Pol\u00edtica de Privacidad cuando lo estime necesario, sin necesidad de nueva aceptaci\u00f3n por parte del usuario.<\/p>\n\n\n\n<p>En ning\u00fan caso URBASER modificar\u00e1 las pol\u00edticas ni pr\u00e1cticas para hacerlas menos eficaces en la protecci\u00f3n de los datos personales de nuestros clientes almacenados anteriormente, sin el consentimiento previo de los clientes afectados.<\/p>\n\n\n\n<p>\u00daltima actualizaci\u00f3n: 8 de agosto de 2024.<\/p>\n","protected":false},"excerpt":{"rendered":"<p>La presente pol\u00edtica de privacidad es aplicable al tratamiento de todos los datos de car\u00e1cter personal que el usuario aporte a URBASER, S.A.U. (en adelante, \u201cURBASER\u201d) al acceder a su p\u00e1gina web, que tratar\u00e1 los datos facilitados por el usuario en los t\u00e9rminos previstos en la presente pol\u00edtica. \u00bfQui\u00e9n es el Responsable del tratamiento de [&hellip;]<\/p>\n","protected":false},"author":1,"featured_media":0,"parent":0,"menu_order":0,"comment_status":"closed","ping_status":"closed","template":"","meta":{"_acf_changed":false,"footnotes":""},"class_list":["post-12993","page","type-page","status-publish","hentry"],"acf":[],"yoast_head":"<!-- This site is optimized with the Yoast SEO plugin v27.4 - https:\/\/yoast.com\/product\/yoast-seo-wordpress\/ -->\n<title>Pol\u00edtica de privacidad &#8211; Urbaser<\/title>\n<meta name=\"robots\" content=\"index, follow, max-snippet:-1, max-image-preview:large, max-video-preview:-1\" \/>\n<link rel=\"canonical\" href=\"https:\/\/www.urbaser.com\/en\/politica-de-privacidad\/\" \/>\n<meta property=\"og:locale\" content=\"en_US\" \/>\n<meta property=\"og:type\" content=\"article\" \/>\n<meta property=\"og:title\" content=\"Pol\u00edtica de privacidad &#8211; Urbaser\" \/>\n<meta property=\"og:description\" content=\"La presente pol\u00edtica de privacidad es aplicable al tratamiento de todos los datos de car\u00e1cter personal que el usuario aporte a URBASER, S.A.U. (en adelante, \u201cURBASER\u201d) al acceder a su p\u00e1gina web, que tratar\u00e1 los datos facilitados por el usuario en los t\u00e9rminos previstos en la presente pol\u00edtica. \u00bfQui\u00e9n es el Responsable del tratamiento de [&hellip;]\" \/>\n<meta property=\"og:url\" content=\"https:\/\/www.urbaser.com\/en\/politica-de-privacidad\/\" \/>\n<meta property=\"og:site_name\" content=\"Urbaser\" \/>\n<meta property=\"article:publisher\" content=\"https:\/\/www.facebook.com\/urbaser\" \/>\n<meta property=\"og:image\" content=\"https:\/\/www.urbaser.com\/wp-content\/uploads\/2023\/04\/Urbaser.jpg\" \/>\n\t<meta property=\"og:image:width\" content=\"1200\" \/>\n\t<meta property=\"og:image:height\" content=\"675\" \/>\n\t<meta property=\"og:image:type\" content=\"image\/jpeg\" \/>\n<meta name=\"twitter:card\" content=\"summary_large_image\" \/>\n<meta name=\"twitter:site\" content=\"@urbaser_\" \/>\n<meta name=\"twitter:label1\" content=\"Est. reading time\" \/>\n\t<meta name=\"twitter:data1\" content=\"7 minutes\" \/>\n<script type=\"application\/ld+json\" class=\"yoast-schema-graph\">{\"@context\":\"https:\\\/\\\/schema.org\",\"@graph\":[{\"@type\":\"WebPage\",\"@id\":\"https:\\\/\\\/www.urbaser.com\\\/en\\\/politica-de-privacidad\\\/\",\"url\":\"https:\\\/\\\/www.urbaser.com\\\/en\\\/politica-de-privacidad\\\/\",\"name\":\"Pol\u00edtica de privacidad &#8211; Urbaser\",\"isPartOf\":{\"@id\":\"https:\\\/\\\/www.urbaser.com\\\/en\\\/#website\"},\"datePublished\":\"2022-11-16T09:32:00+00:00\",\"breadcrumb\":{\"@id\":\"https:\\\/\\\/www.urbaser.com\\\/en\\\/politica-de-privacidad\\\/#breadcrumb\"},\"inLanguage\":\"en-US\",\"potentialAction\":[{\"@type\":\"ReadAction\",\"target\":[\"https:\\\/\\\/www.urbaser.com\\\/en\\\/politica-de-privacidad\\\/\"]}]},{\"@type\":\"BreadcrumbList\",\"@id\":\"https:\\\/\\\/www.urbaser.com\\\/en\\\/politica-de-privacidad\\\/#breadcrumb\",\"itemListElement\":[{\"@type\":\"ListItem\",\"position\":1,\"name\":\"Portada\",\"item\":\"https:\\\/\\\/www.urbaser.com\\\/en\\\/\"},{\"@type\":\"ListItem\",\"position\":2,\"name\":\"Pol\u00edtica de privacidad\"}]},{\"@type\":\"WebSite\",\"@id\":\"https:\\\/\\\/www.urbaser.com\\\/en\\\/#website\",\"url\":\"https:\\\/\\\/www.urbaser.com\\\/en\\\/\",\"name\":\"Urbaser\",\"description\":\"Making circularity real\",\"publisher\":{\"@id\":\"https:\\\/\\\/www.urbaser.com\\\/en\\\/#organization\"},\"alternateName\":\"Urbaser\",\"potentialAction\":[{\"@type\":\"SearchAction\",\"target\":{\"@type\":\"EntryPoint\",\"urlTemplate\":\"https:\\\/\\\/www.urbaser.com\\\/en\\\/?s={search_term_string}\"},\"query-input\":{\"@type\":\"PropertyValueSpecification\",\"valueRequired\":true,\"valueName\":\"search_term_string\"}}],\"inLanguage\":\"en-US\"},{\"@type\":\"Organization\",\"@id\":\"https:\\\/\\\/www.urbaser.com\\\/en\\\/#organization\",\"name\":\"Urbaser - Making Circularity Real\",\"alternateName\":\"Urbaser\",\"url\":\"https:\\\/\\\/www.urbaser.com\\\/en\\\/\",\"logo\":{\"@type\":\"ImageObject\",\"inLanguage\":\"en-US\",\"@id\":\"https:\\\/\\\/www.urbaser.com\\\/en\\\/#\\\/schema\\\/logo\\\/image\\\/\",\"url\":\"https:\\\/\\\/www.urbaser.com\\\/wp-content\\\/uploads\\\/2023\\\/04\\\/urbaser-logo-making-circularity-real-1.png\",\"contentUrl\":\"https:\\\/\\\/www.urbaser.com\\\/wp-content\\\/uploads\\\/2023\\\/04\\\/urbaser-logo-making-circularity-real-1.png\",\"width\":600,\"height\":316,\"caption\":\"Urbaser - Making Circularity Real\"},\"image\":{\"@id\":\"https:\\\/\\\/www.urbaser.com\\\/en\\\/#\\\/schema\\\/logo\\\/image\\\/\"},\"sameAs\":[\"https:\\\/\\\/www.facebook.com\\\/urbaser\",\"https:\\\/\\\/x.com\\\/urbaser_\",\"https:\\\/\\\/www.linkedin.com\\\/company\\\/urbaser\\\/\",\"https:\\\/\\\/www.instagram.com\\\/urbaser\\\/\"]}]}<\/script>\n<!-- \/ Yoast SEO plugin. -->","yoast_head_json":{"title":"Pol\u00edtica de privacidad &#8211; Urbaser","robots":{"index":"index","follow":"follow","max-snippet":"max-snippet:-1","max-image-preview":"max-image-preview:large","max-video-preview":"max-video-preview:-1"},"canonical":"https:\/\/www.urbaser.com\/en\/politica-de-privacidad\/","og_locale":"en_US","og_type":"article","og_title":"Pol\u00edtica de privacidad &#8211; Urbaser","og_description":"La presente pol\u00edtica de privacidad es aplicable al tratamiento de todos los datos de car\u00e1cter personal que el usuario aporte a URBASER, S.A.U. (en adelante, \u201cURBASER\u201d) al acceder a su p\u00e1gina web, que tratar\u00e1 los datos facilitados por el usuario en los t\u00e9rminos previstos en la presente pol\u00edtica. \u00bfQui\u00e9n es el Responsable del tratamiento de [&hellip;]","og_url":"https:\/\/www.urbaser.com\/en\/politica-de-privacidad\/","og_site_name":"Urbaser","article_publisher":"https:\/\/www.facebook.com\/urbaser","og_image":[{"width":1200,"height":675,"url":"https:\/\/www.urbaser.com\/wp-content\/uploads\/2023\/04\/Urbaser.jpg","type":"image\/jpeg"}],"twitter_card":"summary_large_image","twitter_site":"@urbaser_","twitter_misc":{"Est. reading time":"7 minutes"},"schema":{"@context":"https:\/\/schema.org","@graph":[{"@type":"WebPage","@id":"https:\/\/www.urbaser.com\/en\/politica-de-privacidad\/","url":"https:\/\/www.urbaser.com\/en\/politica-de-privacidad\/","name":"Pol\u00edtica de privacidad &#8211; Urbaser","isPartOf":{"@id":"https:\/\/www.urbaser.com\/en\/#website"},"datePublished":"2022-11-16T09:32:00+00:00","breadcrumb":{"@id":"https:\/\/www.urbaser.com\/en\/politica-de-privacidad\/#breadcrumb"},"inLanguage":"en-US","potentialAction":[{"@type":"ReadAction","target":["https:\/\/www.urbaser.com\/en\/politica-de-privacidad\/"]}]},{"@type":"BreadcrumbList","@id":"https:\/\/www.urbaser.com\/en\/politica-de-privacidad\/#breadcrumb","itemListElement":[{"@type":"ListItem","position":1,"name":"Portada","item":"https:\/\/www.urbaser.com\/en\/"},{"@type":"ListItem","position":2,"name":"Pol\u00edtica de privacidad"}]},{"@type":"WebSite","@id":"https:\/\/www.urbaser.com\/en\/#website","url":"https:\/\/www.urbaser.com\/en\/","name":"Urbaser","description":"Making circularity real","publisher":{"@id":"https:\/\/www.urbaser.com\/en\/#organization"},"alternateName":"Urbaser","potentialAction":[{"@type":"SearchAction","target":{"@type":"EntryPoint","urlTemplate":"https:\/\/www.urbaser.com\/en\/?s={search_term_string}"},"query-input":{"@type":"PropertyValueSpecification","valueRequired":true,"valueName":"search_term_string"}}],"inLanguage":"en-US"},{"@type":"Organization","@id":"https:\/\/www.urbaser.com\/en\/#organization","name":"Urbaser - Making Circularity Real","alternateName":"Urbaser","url":"https:\/\/www.urbaser.com\/en\/","logo":{"@type":"ImageObject","inLanguage":"en-US","@id":"https:\/\/www.urbaser.com\/en\/#\/schema\/logo\/image\/","url":"https:\/\/www.urbaser.com\/wp-content\/uploads\/2023\/04\/urbaser-logo-making-circularity-real-1.png","contentUrl":"https:\/\/www.urbaser.com\/wp-content\/uploads\/2023\/04\/urbaser-logo-making-circularity-real-1.png","width":600,"height":316,"caption":"Urbaser - Making Circularity Real"},"image":{"@id":"https:\/\/www.urbaser.com\/en\/#\/schema\/logo\/image\/"},"sameAs":["https:\/\/www.facebook.com\/urbaser","https:\/\/x.com\/urbaser_","https:\/\/www.linkedin.com\/company\/urbaser\/","https:\/\/www.instagram.com\/urbaser\/"]}]}},"_links":{"self":[{"href":"https:\/\/www.urbaser.com\/en\/wp-json\/wp\/v2\/pages\/12993","targetHints":{"allow":["GET"]}}],"collection":[{"href":"https:\/\/www.urbaser.com\/en\/wp-json\/wp\/v2\/pages"}],"about":[{"href":"https:\/\/www.urbaser.com\/en\/wp-json\/wp\/v2\/types\/page"}],"author":[{"embeddable":true,"href":"https:\/\/www.urbaser.com\/en\/wp-json\/wp\/v2\/users\/1"}],"replies":[{"embeddable":true,"href":"https:\/\/www.urbaser.com\/en\/wp-json\/wp\/v2\/comments?post=12993"}],"version-history":[{"count":0,"href":"https:\/\/www.urbaser.com\/en\/wp-json\/wp\/v2\/pages\/12993\/revisions"}],"wp:attachment":[{"href":"https:\/\/www.urbaser.com\/en\/wp-json\/wp\/v2\/media?parent=12993"}],"curies":[{"name":"wp","href":"https:\/\/api.w.org\/{rel}","templated":true}]}}